{"id":1924,"date":"2024-11-20T02:58:09","date_gmt":"2024-11-20T02:58:09","guid":{"rendered":"https:\/\/www.stmaryscement.com\/?page_id=1924"},"modified":"2024-11-27T15:43:11","modified_gmt":"2024-11-27T15:43:11","slug":"st-marys-alternative-low-carbon-fuels","status":"publish","type":"page","link":"https:\/\/www.stmaryscement.com\/fr\/st-marys-alternative-low-carbon-fuels\/","title":{"rendered":"Combustibles alternatifs \u00e0 faible teneur en carbone de St Marys"},"content":{"rendered":"<div data-elementor-type=\"wp-page\" data-elementor-id=\"1924\" class=\"elementor elementor-1924\" data-elementor-post-type=\"page\">\n\t\t\t\t<div data-particle_enable=\"false\" data-particle-mobile-disabled=\"false\" class=\"elementor-element elementor-element-8b3f5ae e-con-full e-flex e-con e-parent\" data-id=\"8b3f5ae\" data-element_type=\"container\">\n\t\t<div data-particle_enable=\"false\" data-particle-mobile-disabled=\"false\" class=\"elementor-element elementor-element-d39b9e7 e-con-full e-flex e-con e-child\" data-id=\"d39b9e7\" data-element_type=\"container\" data-settings=\"{&quot;background_background&quot;:&quot;classic&quot;}\">\n\t\t<div data-particle_enable=\"false\" data-particle-mobile-disabled=\"false\" class=\"elementor-element elementor-element-554cc81 e-con-full e-flex e-con e-child\" data-id=\"554cc81\" data-element_type=\"container\">\n\t\t\t\t<div class=\"elementor-element elementor-element-4f093b9 elementor-widget elementor-widget-heading\" data-id=\"4f093b9\" data-element_type=\"widget\" data-widget_type=\"heading.default\">\n\t\t\t\t<div class=\"elementor-widget-container\">\n\t\t\t\t\t<h2 class=\"elementor-heading-title elementor-size-default\">Combustibles alternatifs \u00e0 faible teneur en carbone de St Marys<\/h2>\t\t\t\t<\/div>\n\t\t\t\t<\/div>\n\t\t\t\t<\/div>\n\t\t\t\t<\/div>\n\t\t\t\t<\/div>\n\t\t<div data-particle_enable=\"false\" data-particle-mobile-disabled=\"false\" class=\"elementor-element elementor-element-e4c1170 e-flex e-con-boxed e-con e-parent\" data-id=\"e4c1170\" data-element_type=\"container\">\n\t\t\t\t\t<div class=\"e-con-inner\">\n\t\t<div data-particle_enable=\"false\" data-particle-mobile-disabled=\"false\" class=\"elementor-element elementor-element-fb231a3 e-con-full e-flex e-con e-child\" data-id=\"fb231a3\" data-element_type=\"container\">\n\t\t\t\t<div class=\"elementor-element elementor-element-ab756cf elementor-widget elementor-widget-text-editor\" data-id=\"ab756cf\" data-element_type=\"widget\" data-widget_type=\"text-editor.default\">\n\t\t\t\t<div class=\"elementor-widget-container\">\n\t\t\t\t\t\t\t\t\t<h2>Contexte<\/h2><div><div class=\"max-w-[500px] min-w-[300px]\"><p class=\"text-sm mt-3 mb-8 break-words whitespace-pre-line\">Ciment St Marys (CSM), une entreprise de Votorantim Cimentos North America (VCNA), s'efforce d'utiliser des combustibles alternatifs \u00e0 faible teneur en carbone (ALCF) comme source d'\u00e9nergie pour son usine de ciment de St Marys (le site). Cette initiative contribuera \u00e0 r\u00e9duire les \u00e9missions de gaz \u00e0 effet de serre en Ontario, tout en d\u00e9tournant les mat\u00e9riaux des sites d'enfouissement. Le site est situ\u00e9 au 585, rue Water Sud \u00e0 St Marys, en Ontario.<\/p><\/div><\/div><div><h2>Rapport de consultation\u00a0<\/h2><div><div class=\"max-w-[500px] min-w-[300px]\"><p class=\"text-sm mt-3 mb-8 break-words whitespace-pre-line\">\u200bCiment St Marys a tenu deux r\u00e9unions publiques pour ce projet, la premi\u00e8re ayant eu lieu le 18 novembre 2021 et la deuxi\u00e8me le 3 f\u00e9vrier 2022, en plus d'autres consultations entreprises pour soutenir ce projet. CSM a r\u00e9dig\u00e9 un rapport de consultation pour ce projet qui est maintenant disponible pour les parties int\u00e9ress\u00e9es :<\/p><\/div><div>\u00a0<\/div><\/div><\/div><div><a href=\"https:\/\/www.stmaryscement.com\/wp-content\/uploads\/sites\/10\/2024\/11\/21468526-R-Rev0-VCNA-ALCF-St.-Marys-Consultation-Report-24Mar2022-1-1.pdf\" target=\"_blank\" rel=\"noopener\">Usine de ciment de St Marys \u2013 ALCF \u2013 Rapport de consultation \u2013 24 mars 2022<\/a><\/div><div>\u00a0<\/div><h2>Mises \u00e0 jour<\/h2><div><span class=\"ui-provider fz b c d e f g h i j k l m n o p q r s t u v w x y z ab ac ae af ag ah ai aj ak\" dir=\"ltr\">\u00a0<\/span><\/div><div><span class=\"ui-provider fz b c d e f g h i j k l m n o p q r s t u v w x y z ab ac ae af ag ah ai aj ak\" dir=\"ltr\">Les mises \u00e0 jour du permis ALCF seront communiqu\u00e9es lors des r\u00e9unions du Comit\u00e9 de liaison communautaire qui se tiennent tous les trimestres. Les proc\u00e8s-verbaux des r\u00e9unions sont disponibles sur le site<a href=\"https:\/\/www.stmaryscement.com\/fr\/liaison-committee\/\">\u00a0Comit\u00e9 de liaison communautaire de la ville de St Marys Cement \u2013 St Marys Cement<\/a>\u00a0page. Veuillez consulter le calendrier des \u00e9v\u00e9nements de la ville de St Marys pour plus d&#039;informations.<\/span>\u200b\u200b<\/div><div><h2>\u00a0<\/h2><h2>Demande de permis\u00a0<\/h2><p>Ciment St Marys a soumis la demande d'autorisation environnementale (AE) au minist\u00e8re de l'Environnement, de la Protection et des Parcs. La demande, les \u00e9tudes techniques et les rapports compl\u00e9mentaires sont les suivants :\u00a0\u00a0<\/p><div>\u00a0<\/div><\/div><blockquote><div><div><a href=\"https:\/\/www.stmaryscement.com\/wp-content\/uploads\/sites\/10\/2024\/11\/1_-_SMC_ECA_Application_Form1-1.pdf\" target=\"_blank\" rel=\"noopener\"><span class=\"ms-rteFontSize-3\">1 \u2013 Formulaire de demande d\u2019admission \u00e0 l\u2019ECA SMC ALCF<\/span><\/a><\/div><\/div><div><div><a href=\"https:\/\/www.stmaryscement.com\/wp-content\/uploads\/sites\/10\/2024\/11\/2_-_SMC_CO2_Emission_Intensity_Report1-1.pdf\" target=\"_blank\" rel=\"noopener\"><span class=\"ms-rteFontSize-3\">2 \u2013 Rapport sur l\u2019intensit\u00e9 des \u00e9missions de CO2 du SMC ALCF<\/span><\/a><\/div><\/div><div><div><a href=\"https:\/\/www.stmaryscement.com\/wp-content\/uploads\/sites\/10\/2024\/11\/3_-_SMC_ESDM_Report1-1.pdf\" target=\"_blank\" rel=\"noopener\"><span class=\"ms-rteFontSize-3\">3 \u2013 Rapport SMC ALCF ESDM<\/span><\/a><\/div><\/div><div><div><a href=\"https:\/\/www.stmaryscement.com\/wp-content\/uploads\/sites\/10\/2024\/11\/4_-_SMC_Noise_Report1-1.pdf\" target=\"_blank\" rel=\"noopener\"><span class=\"ms-rteFontSize-3\">4 \u2013 Rapport sur le bruit du SMC ALCF<\/span><\/a><\/div><\/div><div><div><a href=\"https:\/\/www.stmaryscement.com\/wp-content\/uploads\/sites\/10\/2024\/11\/5_-_SMC_Stage_1_Archeological_Assessment1-1.pdf\" target=\"_blank\" rel=\"noopener\"><span class=\"ms-rteFontSize-3\">5 \u2013 \u00c9valuation arch\u00e9ologique de niveau 1 du SMC ALCF<\/span><\/a><\/div><\/div><div><div><a href=\"https:\/\/www.stmaryscement.com\/wp-content\/uploads\/sites\/10\/2024\/11\/6_-_SMC_Traffic_Impact_Study1-1.pdf\" target=\"_blank\" rel=\"noopener\"><span class=\"ms-rteFontSize-3\">6 \u2013 \u00c9tude d&#039;impact sur le trafic du SMC ALCF<\/span><\/a><\/div><\/div><\/blockquote><div><h2>Contactez nous.\u00a0<\/h2><div>Ciment St Marys appr\u00e9cie vos commentaires \u00e0 ce sujet. Veuillez contacter notre \u00e9quipe de projet pour plus d'informations sur cette \u00e9tude ou pour \u00eatre ajout\u00e9 \u00e0 la liste de contacts pour les mises \u00e0 jour futures :<\/div><div>\u00a0<\/div><div><span class=\"ms-rteThemeForeColor-5-0\">E-mail: <a href=\"mailto:StMarys_ALCF@golder.com\">StMarys_ALCF@golder.com<\/a><\/span><\/div><div>\u00a0<\/div><div><table class=\"ms-rteTable-0\" width=\"100%\" cellspacing=\"0\"><tbody><tr class=\"ms-rteTableEvenRow-0\"><td class=\"ms-rteTableEvenCol-0\"><strong>Ruben Plaza\u00a0<br \/><\/strong>Ciment St Marys,\u00a0<br \/>Gestionnaire de l&#039;environnement, Canada<br \/>T\u00e9l\u00e9phone : 905-243-5841<\/td><td class=\"ms-rteTableOddCol-0\"><strong>Kate Liubansky<br \/><\/strong>Golder Associ\u00e9s Lt\u00e9e. \u200b<br \/>Sp\u00e9cialiste en \u00e9valuation environnementale<br \/>T\u00e9l\u00e9phone : 416-524-1876<\/td><\/tr><\/tbody><\/table><\/div><\/div><h2>Links<\/h2><p><strong>R\u00e9unions publiques<\/strong><\/p><p>Deuxi\u00e8me r\u00e9union publique \u2013 3 f\u00e9vrier 2022 \u2013 Avis de convocation\u00a0<a href=\"https:\/\/www.stmaryscement.com\/wp-content\/uploads\/sites\/10\/2024\/11\/Notice-PublicMeeting2.pdf\" target=\"_blank\" rel=\"noopener\">Avis-R\u00e9unionPublic2.pdf<\/a><\/p><p>Deuxi\u00e8me r\u00e9union publique \u2013 3 f\u00e9vrier 2022 \u2013 Pr\u00e9sentation\u00a0<a href=\"https:\/\/www.stmaryscement.com\/wp-content\/uploads\/sites\/10\/2024\/11\/VCNA-SMC-Alt-Fuels-Public-Meeting-2-Feb-3-2022-Presentation-Final.pdf\" target=\"_blank\" rel=\"noopener\">R\u00e9union publique du VCNA SMC sur les carburants alternatifs 2 f\u00e9vrier 2022 Pr\u00e9sentation \u2013 Final.pdf<\/a><\/p><p>Premi\u00e8re r\u00e9union publique \u2013 18 novembre 2021 \u2013 Pr\u00e9sentation des panneaux\u00a0<a href=\"https:\/\/www.stmaryscement.com\/wp-content\/uploads\/sites\/10\/2024\/11\/VCNA-SMC-Alt-Fuels-Open-House-1-Display-Boards-Final-1.pdf\" target=\"_blank\" rel=\"noopener\">VCNA SMC Alt Fuels \u2013 R\u00e9union publique \u2013 18 novembre 2021 \u2013 Panneaux d&#039;affichage<\/a>\u00a0<\/p><p>Premi\u00e8re r\u00e9union publique \u2013 18 novembre 2021 \u2013 Avis d\u2019intention\/r\u00e9union \u2013\u00a0<a href=\"https:\/\/www.stmaryscement.com\/wp-content\/uploads\/sites\/10\/2024\/11\/Notice-Intention-to-Apply-PublicMeeting_04Nov21.pdf\" target=\"_blank\" rel=\"noopener\">Avis d&#039;intention de candidature - R\u00e9union publique_04Nov21.pdf<\/a>\u200b<\/p><p><strong>Rapports\u00a0<\/strong><\/p><p>Mod\u00e8le de dispersion du r\u00e9sum\u00e9 des \u00e9missions 2021 \u2013 \u200b\u200b<a href=\"https:\/\/www.stmaryscement.com\/wp-content\/uploads\/sites\/10\/2024\/11\/St-Marys-Cement-2021-Emission-Summary-Dispersion-Model-Executive-Summary.pdf\" target=\"_blank\" rel=\"noopener\">R\u00e9sum\u00e9 des \u00e9missions et mod\u00e8le de dispersion de St Marys Cement 2021.pdf<\/a><\/p><p>Rapport d&#039;\u00e9valuation acoustique 2021 \u2013\u00a0<a href=\"https:\/\/www.stmaryscement.com\/wp-content\/uploads\/sites\/10\/2024\/11\/St-Marys-Cement-2021-Acoustic-Assessment-Report-Executive-Summary.pdf\" target=\"_blank\" rel=\"noopener\">R\u00e9sum\u00e9 du rapport d&#039;\u00e9valuation acoustique 2021 de St Marys Cement.pdf<\/a><\/p><p>Usine de ciment de St Marys \u2013 ALCF \u2013 \u200bRapport de consultation \u2013\u00a0<a href=\"https:\/\/www.stmaryscement.com\/wp-content\/uploads\/sites\/10\/2024\/11\/21468526-R-Rev0-VCNA-ALCF-St.-Marys-Consultation-Report-24Mar2022-1-1.pdf\" target=\"_blank\" rel=\"noopener\">Usine de ciment de St Marys \u2013 ALCF \u2013 Rapport de consultation \u2013 24 mars 2022<\/a><\/p><p><strong>Articles de journaux<\/strong><\/p><p><a href=\"https:\/\/stmarysindy.com\/news\/article.php?St.-Marys-Cement-looking-to-switch-to-low-carbon-fuels-482\" target=\"_blank\" rel=\"noopener\">St. Marys Cement envisage de passer aux carburants \u00e0 faible teneur en carbone<\/a><\/p><p><a href=\"https:\/\/www.stmaryscement.com\/wp-content\/uploads\/sites\/10\/2024\/11\/St.-Marys-ALCF-meeting-Feb-2022-Article.pdf\" target=\"_blank\" rel=\"noopener\">Article de la r\u00e9union ALCF de St. Marys de f\u00e9vrier 2022.pdf<\/a><\/p><p><strong>Liens<\/strong><\/p><p><a href=\"https:\/\/www.stmaryscement.com\/fr\/liaison-committee\/\">Comit\u00e9 de liaison communautaire de St Marys Cement<\/a><\/p>\t\t\t\t\t\t\t\t<\/div>\n\t\t\t\t<\/div>\n\t\t\t\t<\/div>\n\t\t\t\t\t<\/div>\n\t\t\t\t<\/div>\n\t\t\t\t<\/div>","protected":false},"excerpt":{"rendered":"<p>\u200b\u200b\u200b\u200b\u200b\u200b\u200bBackground St. Marys Cement (SMC), a company of Votorantim Cimentos North America (VCNA), is undertaking efforts to use Alternative Low Carbon Fuels (ALCF) as an energy source for their St Marys Cement Plant (the site). This initiative will contribute to reducing greenhouse gas emissions in Ontario, while diverting materials from landfills. The Site is located [&hellip;]<\/p>","protected":false},"author":1,"featured_media":0,"parent":0,"menu_order":0,"comment_status":"closed","ping_status":"closed","template":"","meta":{"_acf_changed":false,"footnotes":""},"class_list":["post-1924","page","type-page","status-publish","hentry"],"acf":[],"_links":{"self":[{"href":"https:\/\/www.stmaryscement.com\/fr\/wp-json\/wp\/v2\/pages\/1924","targetHints":{"allow":["GET"]}}],"collection":[{"href":"https:\/\/www.stmaryscement.com\/fr\/wp-json\/wp\/v2\/pages"}],"about":[{"href":"https:\/\/www.stmaryscement.com\/fr\/wp-json\/wp\/v2\/types\/page"}],"author":[{"embeddable":true,"href":"https:\/\/www.stmaryscement.com\/fr\/wp-json\/wp\/v2\/users\/1"}],"replies":[{"embeddable":true,"href":"https:\/\/www.stmaryscement.com\/fr\/wp-json\/wp\/v2\/comments?post=1924"}],"version-history":[{"count":0,"href":"https:\/\/www.stmaryscement.com\/fr\/wp-json\/wp\/v2\/pages\/1924\/revisions"}],"wp:attachment":[{"href":"https:\/\/www.stmaryscement.com\/fr\/wp-json\/wp\/v2\/media?parent=1924"}],"curies":[{"name":"wp","href":"https:\/\/api.w.org\/{rel}","templated":true}]}}