{"id":1922,"date":"2024-11-20T02:51:40","date_gmt":"2024-11-20T02:51:40","guid":{"rendered":"https:\/\/www.stmaryscement.com\/?page_id=1922"},"modified":"2024-11-20T02:52:52","modified_gmt":"2024-11-20T02:52:52","slug":"economic","status":"publish","type":"page","link":"https:\/\/www.stmaryscement.com\/fr\/economic\/","title":{"rendered":"\u00c9conomique"},"content":{"rendered":"<div data-elementor-type=\"wp-page\" data-elementor-id=\"1922\" class=\"elementor elementor-1922\" data-elementor-post-type=\"page\">\n\t\t\t\t<div data-particle_enable=\"false\" data-particle-mobile-disabled=\"false\" class=\"elementor-element elementor-element-8b3f5ae e-con-full e-flex e-con e-parent\" data-id=\"8b3f5ae\" data-element_type=\"container\">\n\t\t<div data-particle_enable=\"false\" data-particle-mobile-disabled=\"false\" class=\"elementor-element elementor-element-d39b9e7 e-con-full e-flex e-con e-child\" data-id=\"d39b9e7\" data-element_type=\"container\" data-settings=\"{&quot;background_background&quot;:&quot;classic&quot;}\">\n\t\t<div data-particle_enable=\"false\" data-particle-mobile-disabled=\"false\" class=\"elementor-element elementor-element-554cc81 e-con-full e-flex e-con e-child\" data-id=\"554cc81\" data-element_type=\"container\">\n\t\t\t\t<div class=\"elementor-element elementor-element-4f093b9 elementor-widget elementor-widget-heading\" data-id=\"4f093b9\" data-element_type=\"widget\" data-widget_type=\"heading.default\">\n\t\t\t\t<div class=\"elementor-widget-container\">\n\t\t\t\t\t<h2 class=\"elementor-heading-title elementor-size-default\">\u00c9conomique<\/h2>\t\t\t\t<\/div>\n\t\t\t\t<\/div>\n\t\t\t\t<\/div>\n\t\t\t\t<\/div>\n\t\t\t\t<\/div>\n\t\t<div data-particle_enable=\"false\" data-particle-mobile-disabled=\"false\" class=\"elementor-element elementor-element-a27844e e-flex e-con-boxed e-con e-parent\" data-id=\"a27844e\" data-element_type=\"container\">\n\t\t\t\t\t<div class=\"e-con-inner\">\n\t\t<div data-particle_enable=\"false\" data-particle-mobile-disabled=\"false\" class=\"elementor-element elementor-element-3f81f9e e-con-full e-flex e-con e-child\" data-id=\"3f81f9e\" data-element_type=\"container\">\n\t\t\t\t<div class=\"elementor-element elementor-element-b1de265 elementor-widget-divider--view-line elementor-widget elementor-widget-divider\" data-id=\"b1de265\" data-element_type=\"widget\" data-widget_type=\"divider.default\">\n\t\t\t\t<div class=\"elementor-widget-container\">\n\t\t\t\t\t\t\t<div class=\"elementor-divider\">\n\t\t\t<span class=\"elementor-divider-separator\">\n\t\t\t\t\t\t<\/span>\n\t\t<\/div>\n\t\t\t\t\t\t<\/div>\n\t\t\t\t<\/div>\n\t\t\t\t<div class=\"elementor-element elementor-element-2cd7f87 elementor-widget elementor-widget-heading\" data-id=\"2cd7f87\" data-element_type=\"widget\" data-widget_type=\"heading.default\">\n\t\t\t\t<div class=\"elementor-widget-container\">\n\t\t\t\t\t<h2 class=\"elementor-heading-title elementor-size-default\">Les produits de St Marys Cement sont un \u00e9l\u00e9ment essentiel du d\u00e9veloppement et du renouvellement des b\u00e2timents et des infrastructures, et les produits \u00e0 base de ciment se retrouvent dans tous les aspects de la vie quotidienne, y compris les b\u00e2timents, les ponts, les autoroutes et les trottoirs.<\/h2>\t\t\t\t<\/div>\n\t\t\t\t<\/div>\n\t\t\t\t<\/div>\n\t\t<div data-particle_enable=\"false\" data-particle-mobile-disabled=\"false\" class=\"elementor-element elementor-element-070639c e-con-full e-flex e-con e-child\" data-id=\"070639c\" data-element_type=\"container\">\n\t\t\t\t<div class=\"elementor-element elementor-element-91d46d0 elementor-widget elementor-widget-image\" data-id=\"91d46d0\" data-element_type=\"widget\" data-widget_type=\"image.default\">\n\t\t\t\t<div class=\"elementor-widget-container\">\n\t\t\t\t\t\t\t\t\t\t\t\t\t\t\t<img fetchpriority=\"high\" decoding=\"async\" width=\"750\" height=\"500\" src=\"https:\/\/www.stmaryscement.com\/wp-content\/uploads\/sites\/10\/2024\/11\/Portland-2.jpg\" class=\"attachment-full size-full wp-image-1923\" alt=\"\" srcset=\"https:\/\/www.stmaryscement.com\/wp-content\/uploads\/sites\/10\/2024\/11\/Portland-2.jpg 750w, https:\/\/www.stmaryscement.com\/wp-content\/uploads\/sites\/10\/2024\/11\/Portland-2-300x200.jpg 300w, https:\/\/www.stmaryscement.com\/wp-content\/uploads\/sites\/10\/2024\/11\/Portland-2-18x12.jpg 18w\" sizes=\"(max-width: 750px) 100vw, 750px\" \/>\t\t\t\t\t\t\t\t\t\t\t\t\t\t\t<\/div>\n\t\t\t\t<\/div>\n\t\t\t\t<\/div>\n\t\t\t\t\t<\/div>\n\t\t\t\t<\/div>\n\t\t<div data-particle_enable=\"false\" data-particle-mobile-disabled=\"false\" class=\"elementor-element elementor-element-e4c1170 e-flex e-con-boxed e-con e-parent\" data-id=\"e4c1170\" data-element_type=\"container\">\n\t\t\t\t\t<div class=\"e-con-inner\">\n\t\t<div data-particle_enable=\"false\" data-particle-mobile-disabled=\"false\" class=\"elementor-element elementor-element-fb231a3 e-con-full e-flex e-con e-child\" data-id=\"fb231a3\" data-element_type=\"container\">\n\t\t\t\t<div class=\"elementor-element elementor-element-ab756cf elementor-widget elementor-widget-text-editor\" data-id=\"ab756cf\" data-element_type=\"widget\" data-widget_type=\"text-editor.default\">\n\t\t\t\t<div class=\"elementor-widget-container\">\n\t\t\t\t\t\t\t\t\t<p>L&#039;objectif de notre entreprise en mati\u00e8re de durabilit\u00e9 \u00e9conomique est de g\u00e9rer une entreprise \u00e9conomiquement viable, respectueuse de l&#039;environnement et socialement responsable, et d&#039;utiliser efficacement les divers actifs de l&#039;entreprise pour lui permettre de continuer \u00e0 fonctionner de mani\u00e8re rentable au fil du temps. La r\u00e9alisation de cet objectif n\u00e9cessite la participation de tous les employ\u00e9s et parties prenantes de l&#039;entreprise, \u00e0 la fois pour d\u00e9terminer les besoins futurs et pour identifier et mettre en \u0153uvre des solutions innovantes et appropri\u00e9es.<\/p><p>La mission premi\u00e8re de St Marys Cement est de r\u00e9aliser un profit qui sera r\u00e9investi dans la p\u00e9rennit\u00e9 de ses activit\u00e9s commerciales. La sant\u00e9 financi\u00e8re assure une gestion durable afin que les pr\u00e9occupations sociales et environnementales fassent partie int\u00e9grante de la fa\u00e7on dont l&#039;entreprise m\u00e8ne ses activit\u00e9s.<\/p><div><p>\u200bEn assurant la croissance, la comp\u00e9titivit\u00e9, l&#039;innovation et la p\u00e9rennit\u00e9 des entreprises, tout en s&#039;effor\u00e7ant de promouvoir ces principes \u00e0 travers les maillons suivants de la cha\u00eene de valeur, St Marys Cement s&#039;engage \u00e0 d\u00e9velopper les relations cl\u00e9s suivantes sur une base durable :<\/p><ul><li><strong>Clients<\/strong>\u00a0\u2013 des relations \u00e0 long terme renforc\u00e9es par la confiance, la valeur partag\u00e9e, l\u2019innovation et la pr\u00e9f\u00e9rence.<\/li><li><strong>Employ\u00e9s<\/strong>\u00a0\u2013 la m\u00e9ritocratie et la contribution aux r\u00e9sultats dans un climat de travail favorisant le d\u00e9veloppement humain et organisationnel.<\/li><li><strong>Fournisseurs<\/strong>\u00a0\u2013 l\u2019alignement des valeurs et des pratiques durables comme facteurs cl\u00e9s de comp\u00e9titivit\u00e9 et de fid\u00e9lisation.<\/li><li><strong>Actionnaires, investisseurs et march\u00e9s<\/strong>\u00a0\u2013 cr\u00e9ation de valeur par le biais d\u2019entreprises commerciales int\u00e8gres et transparentes.<\/li><li><strong>Gouvernement et politiques publiques<\/strong>\u00a0\u2013 une participation proactive \u00e0 un agenda public de d\u00e9veloppement durable.<\/li><\/ul><p>La viabilit\u00e9 de notre entreprise d\u00e9pend des ressources d\u2019\u00e9cosyst\u00e8mes sains \u2013 eau douce, air pur, biodiversit\u00e9 robuste, terres productives \u2013 la nouvelle image de la fa\u00e7on de prosp\u00e9rer en affaires \u00e9merge.<\/p><\/div>\t\t\t\t\t\t\t\t<\/div>\n\t\t\t\t<\/div>\n\t\t\t\t<\/div>\n\t\t\t\t\t<\/div>\n\t\t\t\t<\/div>\n\t\t\t\t<\/div>","protected":false},"excerpt":{"rendered":"<p>St Marys Cement&#8217;s products are an essential part of the development and renewal of buildings and infrastructure, and cement-based products are found in every aspect of daily life, including buildings, bridges, highways and sidewalks. Our company&#8217;s goal of economic sustainability is to manage a business that is economically viable, environmentally sound and socially responsible, and [&hellip;]<\/p>","protected":false},"author":1,"featured_media":0,"parent":0,"menu_order":0,"comment_status":"closed","ping_status":"closed","template":"","meta":{"_acf_changed":false,"footnotes":""},"class_list":["post-1922","page","type-page","status-publish","hentry"],"acf":[],"_links":{"self":[{"href":"https:\/\/www.stmaryscement.com\/fr\/wp-json\/wp\/v2\/pages\/1922","targetHints":{"allow":["GET"]}}],"collection":[{"href":"https:\/\/www.stmaryscement.com\/fr\/wp-json\/wp\/v2\/pages"}],"about":[{"href":"https:\/\/www.stmaryscement.com\/fr\/wp-json\/wp\/v2\/types\/page"}],"author":[{"embeddable":true,"href":"https:\/\/www.stmaryscement.com\/fr\/wp-json\/wp\/v2\/users\/1"}],"replies":[{"embeddable":true,"href":"https:\/\/www.stmaryscement.com\/fr\/wp-json\/wp\/v2\/comments?post=1922"}],"version-history":[{"count":0,"href":"https:\/\/www.stmaryscement.com\/fr\/wp-json\/wp\/v2\/pages\/1922\/revisions"}],"wp:attachment":[{"href":"https:\/\/www.stmaryscement.com\/fr\/wp-json\/wp\/v2\/media?parent=1922"}],"curies":[{"name":"wp","href":"https:\/\/api.w.org\/{rel}","templated":true}]}}