{"id":1915,"date":"2024-11-20T02:44:17","date_gmt":"2024-11-20T02:44:17","guid":{"rendered":"https:\/\/www.stmaryscement.com\/?page_id=1915"},"modified":"2024-11-20T02:46:37","modified_gmt":"2024-11-20T02:46:37","slug":"our-commitment","status":"publish","type":"page","link":"https:\/\/www.stmaryscement.com\/fr\/our-commitment\/","title":{"rendered":"Notre engagement"},"content":{"rendered":"<div data-elementor-type=\"wp-page\" data-elementor-id=\"1915\" class=\"elementor elementor-1915\" data-elementor-post-type=\"page\">\n\t\t\t\t<div data-particle_enable=\"false\" data-particle-mobile-disabled=\"false\" class=\"elementor-element elementor-element-8b3f5ae e-con-full e-flex e-con e-parent\" data-id=\"8b3f5ae\" data-element_type=\"container\">\n\t\t<div data-particle_enable=\"false\" data-particle-mobile-disabled=\"false\" class=\"elementor-element elementor-element-d39b9e7 e-con-full e-flex e-con e-child\" data-id=\"d39b9e7\" data-element_type=\"container\" data-settings=\"{&quot;background_background&quot;:&quot;classic&quot;}\">\n\t\t<div data-particle_enable=\"false\" data-particle-mobile-disabled=\"false\" class=\"elementor-element elementor-element-554cc81 e-con-full e-flex e-con e-child\" data-id=\"554cc81\" data-element_type=\"container\">\n\t\t\t\t<div class=\"elementor-element elementor-element-4f093b9 elementor-widget elementor-widget-heading\" data-id=\"4f093b9\" data-element_type=\"widget\" data-widget_type=\"heading.default\">\n\t\t\t\t<div class=\"elementor-widget-container\">\n\t\t\t\t\t<h2 class=\"elementor-heading-title elementor-size-default\">Notre engagement<\/h2>\t\t\t\t<\/div>\n\t\t\t\t<\/div>\n\t\t\t\t<\/div>\n\t\t\t\t<\/div>\n\t\t\t\t<\/div>\n\t\t<div data-particle_enable=\"false\" data-particle-mobile-disabled=\"false\" class=\"elementor-element elementor-element-a27844e e-flex e-con-boxed e-con e-parent\" data-id=\"a27844e\" data-element_type=\"container\">\n\t\t\t\t\t<div class=\"e-con-inner\">\n\t\t<div data-particle_enable=\"false\" data-particle-mobile-disabled=\"false\" class=\"elementor-element elementor-element-3f81f9e e-con-full e-flex e-con e-child\" data-id=\"3f81f9e\" data-element_type=\"container\">\n\t\t\t\t<div class=\"elementor-element elementor-element-b1de265 elementor-widget-divider--view-line elementor-widget elementor-widget-divider\" data-id=\"b1de265\" data-element_type=\"widget\" data-widget_type=\"divider.default\">\n\t\t\t\t<div class=\"elementor-widget-container\">\n\t\t\t\t\t\t\t<div class=\"elementor-divider\">\n\t\t\t<span class=\"elementor-divider-separator\">\n\t\t\t\t\t\t<\/span>\n\t\t<\/div>\n\t\t\t\t\t\t<\/div>\n\t\t\t\t<\/div>\n\t\t\t\t<div class=\"elementor-element elementor-element-2cd7f87 elementor-widget elementor-widget-heading\" data-id=\"2cd7f87\" data-element_type=\"widget\" data-widget_type=\"heading.default\">\n\t\t\t\t<div class=\"elementor-widget-container\">\n\t\t\t\t\t<h2 class=\"elementor-heading-title elementor-size-default\">\u200b\u200b\u200b\u200b\u200b\u200b\u200b\u200bFor our business, sustainability means serving customers and growing the business while respecting the current and future needs of the environment, society and the communities where we operate. We achieve this by researching, developing and using eco-efficient processes and advanced materials as we provide world-class products and support for the North American construction industry.<\/h2>\t\t\t\t<\/div>\n\t\t\t\t<\/div>\n\t\t\t\t<\/div>\n\t\t<div data-particle_enable=\"false\" data-particle-mobile-disabled=\"false\" class=\"elementor-element elementor-element-070639c e-con-full e-flex e-con e-child\" data-id=\"070639c\" data-element_type=\"container\">\n\t\t\t\t<div class=\"elementor-element elementor-element-91d46d0 elementor-widget elementor-widget-image\" data-id=\"91d46d0\" data-element_type=\"widget\" data-widget_type=\"image.default\">\n\t\t\t\t<div class=\"elementor-widget-container\">\n\t\t\t\t\t\t\t\t\t\t\t\t\t\t\t<img fetchpriority=\"high\" decoding=\"async\" width=\"648\" height=\"480\" src=\"https:\/\/www.stmaryscement.com\/wp-content\/uploads\/sites\/10\/2024\/11\/sustainability.jpg\" class=\"attachment-full size-full wp-image-1921\" alt=\"\" srcset=\"https:\/\/www.stmaryscement.com\/wp-content\/uploads\/sites\/10\/2024\/11\/sustainability.jpg 648w, https:\/\/www.stmaryscement.com\/wp-content\/uploads\/sites\/10\/2024\/11\/sustainability-300x222.jpg 300w, https:\/\/www.stmaryscement.com\/wp-content\/uploads\/sites\/10\/2024\/11\/sustainability-16x12.jpg 16w\" sizes=\"(max-width: 648px) 100vw, 648px\" \/>\t\t\t\t\t\t\t\t\t\t\t\t\t\t\t<\/div>\n\t\t\t\t<\/div>\n\t\t\t\t<\/div>\n\t\t\t\t\t<\/div>\n\t\t\t\t<\/div>\n\t\t<div data-particle_enable=\"false\" data-particle-mobile-disabled=\"false\" class=\"elementor-element elementor-element-e4c1170 e-flex e-con-boxed e-con e-parent\" data-id=\"e4c1170\" data-element_type=\"container\">\n\t\t\t\t\t<div class=\"e-con-inner\">\n\t\t<div data-particle_enable=\"false\" data-particle-mobile-disabled=\"false\" class=\"elementor-element elementor-element-fb231a3 e-con-full e-flex e-con e-child\" data-id=\"fb231a3\" data-element_type=\"container\">\n\t\t\t\t<div class=\"elementor-element elementor-element-ab756cf elementor-widget elementor-widget-text-editor\" data-id=\"ab756cf\" data-element_type=\"widget\" data-widget_type=\"text-editor.default\">\n\t\t\t\t<div class=\"elementor-widget-container\">\n\t\t\t\t\t\t\t\t\t<p>\u200b<\/p><div>\u200b\u200b\u200b\u200b\u200b\u200b\u200b\u200b<a href=\"http:\/\/www.votorantimcimentos.com\/Shared%20Documents\/Cartilha%20Politica%20Ambiental%20e%20Regras%20Verdes_ingles.pdf\" target=\"_blank\" rel=\"noopener\">Votorantim Cimentos Global Environmental Policy and Green Rules\u200b\u200b<\/a><h2>Our Sustainability Commitments<\/h2><h3>S\u00e9curit\u00e9<\/h3><p>Votorantim Cimentos et ses op\u00e9rations nord-am\u00e9ricaines partagent un engagement \u00e0 promouvoir et \u00e0 maintenir un environnement de travail s\u00fbr pour nos employ\u00e9s et les communaut\u00e9s o\u00f9 nous op\u00e9rons, en mettant l'accent sur la s\u00e9curit\u00e9 avant la productivit\u00e9 et la rentabilit\u00e9.<\/p><h3>Engagement communautaire<\/h3><p>We serve as a vital economic engine and active participant in our communities. We are committed to supporting local causes and improving our dialogue with stakeholders while promoting a better q\u200b\u200buality of life that creates a more transparent, collaborative and conducive operating environment for business.<\/p><h3>\u00c9thique et conformit\u00e9<\/h3><p>Nous maintenons un engagement ferme et durable \u00e0 op\u00e9rer de mani\u00e8re \u00e9thique et conform\u00e9ment aux lois, normes et r\u00e9glementations. Nous encourageons nos employ\u00e9s \u00e0 participer au d\u00e9veloppement de cette culture pour garantir qu'en tant qu'entreprise, nous maintenons des niveaux \u00e9lev\u00e9s d'int\u00e9grit\u00e9 et de conformit\u00e9.<\/p><h3>Eco-efficacit\u00e9 et innovation<\/h3><p>\u200bNous pensons que la production de ciment, de b\u00e9ton et de granulats n\u00e9cessite un engagement envers l'am\u00e9lioration de l'allocation des ressources naturelles, le contr\u00f4le des \u00e9missions et la r\u00e9duction des d\u00e9chets. L'entreprise investit dans la recherche et le d\u00e9veloppement pour d\u00e9velopper de nouvelles technologies et am\u00e9liorer celles qui existent d\u00e9j\u00e0 afin de promouvoir l'\u00e9co-efficacit\u00e9 dans nos processus et produits, de prot\u00e9ger les sources d'eau et de contribuer \u00e0 pr\u00e9server la biodiversit\u00e9. Un exemple de ce type est le projet de durabilit\u00e9 du bior\u00e9acteur \u00e0 algues situ\u00e9 dans notre cimenterie, \u00e0 St. Marys, en Ontario, au Canada. En partenariat avec le Conseil national de recherches du Canada et Pond Technologies, nous \u00e9tudions la viabilit\u00e9 de la r\u00e9duction des \u00e9missions de gaz \u00e0 effet de serre des installations industrielles, en transformant ces \u00e9missions en produits de valeur, notamment des biocarburants, des engrais et des aliments pour animaux.<\/p><\/div>\t\t\t\t\t\t\t\t<\/div>\n\t\t\t\t<\/div>\n\t\t\t\t<div class=\"elementor-element elementor-element-7c50f60 elementor-widget elementor-widget-video\" data-id=\"7c50f60\" data-element_type=\"widget\" data-settings=\"{&quot;video_type&quot;:&quot;vimeo&quot;}\" data-widget_type=\"video.default\">\n\t\t\t\t<div class=\"elementor-widget-container\">\n\t\t\t\t\t\t\t<div class=\"elementor-wrapper elementor-open-inline\">\n\t\t\t<iframe class=\"elementor-video-iframe\" allowfullscreen allow=\"clipboard-write\" title=\"vimeo Video Player\" src=\"https:\/\/player.vimeo.com\/video\/796761791?color&amp;autopause=0&amp;loop=0&amp;muted=0&amp;title=0&amp;portrait=0&amp;byline=0#t=\"><\/iframe>\t\t<\/div>\n\t\t\t\t\t\t<\/div>\n\t\t\t\t<\/div>\n\t\t\t\t<\/div>\n\t\t\t\t\t<\/div>\n\t\t\t\t<\/div>\n\t\t\t\t<\/div>","protected":false},"excerpt":{"rendered":"<p>\u200b\u200b\u200b\u200b\u200b\u200b\u200b\u200bFor our business, sustainability means serving customers and growing the business while respecting the current and future needs of the environment, society and the communities where we operate. We achieve this by researching, developing and using eco-efficient processes and advanced materials as we provide world-class products and support for the North American construction industry. \u200b [&hellip;]<\/p>","protected":false},"author":1,"featured_media":0,"parent":0,"menu_order":0,"comment_status":"closed","ping_status":"closed","template":"","meta":{"_acf_changed":false,"footnotes":""},"class_list":["post-1915","page","type-page","status-publish","hentry"],"acf":[],"_links":{"self":[{"href":"https:\/\/www.stmaryscement.com\/fr\/wp-json\/wp\/v2\/pages\/1915","targetHints":{"allow":["GET"]}}],"collection":[{"href":"https:\/\/www.stmaryscement.com\/fr\/wp-json\/wp\/v2\/pages"}],"about":[{"href":"https:\/\/www.stmaryscement.com\/fr\/wp-json\/wp\/v2\/types\/page"}],"author":[{"embeddable":true,"href":"https:\/\/www.stmaryscement.com\/fr\/wp-json\/wp\/v2\/users\/1"}],"replies":[{"embeddable":true,"href":"https:\/\/www.stmaryscement.com\/fr\/wp-json\/wp\/v2\/comments?post=1915"}],"version-history":[{"count":0,"href":"https:\/\/www.stmaryscement.com\/fr\/wp-json\/wp\/v2\/pages\/1915\/revisions"}],"wp:attachment":[{"href":"https:\/\/www.stmaryscement.com\/fr\/wp-json\/wp\/v2\/media?parent=1915"}],"curies":[{"name":"wp","href":"https:\/\/api.w.org\/{rel}","templated":true}]}}