{"id":1906,"date":"2024-11-20T01:53:24","date_gmt":"2024-11-20T01:53:24","guid":{"rendered":"https:\/\/www.stmaryscement.com\/?page_id=1906"},"modified":"2024-11-29T19:29:06","modified_gmt":"2024-11-29T19:29:06","slug":"local-impacts","status":"publish","type":"page","link":"https:\/\/www.stmaryscement.com\/fr\/local-impacts\/","title":{"rendered":"Impacts locaux"},"content":{"rendered":"<div data-elementor-type=\"wp-page\" data-elementor-id=\"1906\" class=\"elementor elementor-1906\" data-elementor-post-type=\"page\">\n\t\t\t\t<div data-particle_enable=\"false\" data-particle-mobile-disabled=\"false\" class=\"elementor-element elementor-element-8b3f5ae e-con-full e-flex e-con e-parent\" data-id=\"8b3f5ae\" data-element_type=\"container\">\n\t\t<div data-particle_enable=\"false\" data-particle-mobile-disabled=\"false\" class=\"elementor-element elementor-element-d39b9e7 e-con-full e-flex e-con e-child\" data-id=\"d39b9e7\" data-element_type=\"container\" data-settings=\"{&quot;background_background&quot;:&quot;classic&quot;}\">\n\t\t<div data-particle_enable=\"false\" data-particle-mobile-disabled=\"false\" class=\"elementor-element elementor-element-554cc81 e-con-full e-flex e-con e-child\" data-id=\"554cc81\" data-element_type=\"container\">\n\t\t\t\t<div class=\"elementor-element elementor-element-4f093b9 elementor-widget elementor-widget-heading\" data-id=\"4f093b9\" data-element_type=\"widget\" data-widget_type=\"heading.default\">\n\t\t\t\t<div class=\"elementor-widget-container\">\n\t\t\t\t\t<h2 class=\"elementor-heading-title elementor-size-default\">Impacts locaux<\/h2>\t\t\t\t<\/div>\n\t\t\t\t<\/div>\n\t\t\t\t<\/div>\n\t\t\t\t<\/div>\n\t\t\t\t<\/div>\n\t\t<div data-particle_enable=\"false\" data-particle-mobile-disabled=\"false\" class=\"elementor-element elementor-element-a27844e e-flex e-con-boxed e-con e-parent\" data-id=\"a27844e\" data-element_type=\"container\">\n\t\t\t\t\t<div class=\"e-con-inner\">\n\t\t<div data-particle_enable=\"false\" data-particle-mobile-disabled=\"false\" class=\"elementor-element elementor-element-3f81f9e e-con-full e-flex e-con e-child\" data-id=\"3f81f9e\" data-element_type=\"container\">\n\t\t\t\t<div class=\"elementor-element elementor-element-b1de265 elementor-widget-divider--view-line elementor-widget elementor-widget-divider\" data-id=\"b1de265\" data-element_type=\"widget\" data-widget_type=\"divider.default\">\n\t\t\t\t<div class=\"elementor-widget-container\">\n\t\t\t\t\t\t\t<div class=\"elementor-divider\">\n\t\t\t<span class=\"elementor-divider-separator\">\n\t\t\t\t\t\t<\/span>\n\t\t<\/div>\n\t\t\t\t\t\t<\/div>\n\t\t\t\t<\/div>\n\t\t\t\t<div class=\"elementor-element elementor-element-2cd7f87 elementor-widget elementor-widget-heading\" data-id=\"2cd7f87\" data-element_type=\"widget\" data-widget_type=\"heading.default\">\n\t\t\t\t<div class=\"elementor-widget-container\">\n\t\t\t\t\t<h2 class=\"elementor-heading-title elementor-size-default\">St Marys s&#039;engage \u00e0 produire des produits de mani\u00e8re respectueuse de l&#039;environnement. L&#039;entreprise a \u00e9t\u00e9 reconnue pour ses efforts visant \u00e0 pr\u00e9server et \u00e0 am\u00e9liorer l&#039;environnement naturel. Par exemple, les op\u00e9rations de carri\u00e8re ont \u00e9t\u00e9 salu\u00e9es pour des projets de r\u00e9habilitation int\u00e9ressants et innovants.\n\n<\/h2>\t\t\t\t<\/div>\n\t\t\t\t<\/div>\n\t\t\t\t<\/div>\n\t\t<div data-particle_enable=\"false\" data-particle-mobile-disabled=\"false\" class=\"elementor-element elementor-element-070639c e-con-full e-flex e-con e-child\" data-id=\"070639c\" data-element_type=\"container\">\n\t\t\t\t<div class=\"elementor-element elementor-element-91d46d0 elementor-widget elementor-widget-image\" data-id=\"91d46d0\" data-element_type=\"widget\" data-widget_type=\"image.default\">\n\t\t\t\t<div class=\"elementor-widget-container\">\n\t\t\t\t\t\t\t\t\t\t\t\t\t\t\t<img fetchpriority=\"high\" decoding=\"async\" width=\"750\" height=\"500\" src=\"https:\/\/www.stmaryscement.com\/wp-content\/uploads\/sites\/10\/2024\/11\/7.jpg\" class=\"attachment-full size-full wp-image-1905\" alt=\"\" srcset=\"https:\/\/www.stmaryscement.com\/wp-content\/uploads\/sites\/10\/2024\/11\/7.jpg 750w, https:\/\/www.stmaryscement.com\/wp-content\/uploads\/sites\/10\/2024\/11\/7-300x200.jpg 300w, https:\/\/www.stmaryscement.com\/wp-content\/uploads\/sites\/10\/2024\/11\/7-18x12.jpg 18w\" sizes=\"(max-width: 750px) 100vw, 750px\" \/>\t\t\t\t\t\t\t\t\t\t\t\t\t\t\t<\/div>\n\t\t\t\t<\/div>\n\t\t\t\t<\/div>\n\t\t\t\t\t<\/div>\n\t\t\t\t<\/div>\n\t\t<div data-particle_enable=\"false\" data-particle-mobile-disabled=\"false\" class=\"elementor-element elementor-element-e4c1170 e-flex e-con-boxed e-con e-parent\" data-id=\"e4c1170\" data-element_type=\"container\">\n\t\t\t\t\t<div class=\"e-con-inner\">\n\t\t<div data-particle_enable=\"false\" data-particle-mobile-disabled=\"false\" class=\"elementor-element elementor-element-fb231a3 e-con-full e-flex e-con e-child\" data-id=\"fb231a3\" data-element_type=\"container\">\n\t\t\t\t<div class=\"elementor-element elementor-element-ab756cf elementor-widget elementor-widget-text-editor\" data-id=\"ab756cf\" data-element_type=\"widget\" data-widget_type=\"text-editor.default\">\n\t\t\t\t<div class=\"elementor-widget-container\">\n\t\t\t\t\t\t\t\t\t<div>\n<p>L&#039;entreprise s&#039;engage \u00e0 travailler en collaboration avec les groupes communautaires locaux et le gouvernement pour relever les d\u00e9fis environnementaux. L&#039;entreprise s&#039;efforce d&#039;am\u00e9liorer la communication et de cr\u00e9er des opportunit\u00e9s de dialogue ouvert entre St Marys Cement et les communaut\u00e9s r\u00e9sidentielles qui entourent les terres de l&#039;entreprise.<\/p>\n<p>L&#039;outil le plus important pour mesurer les impacts environnementaux et sociaux est l&#039;\u00c9tude d&#039;Impact Environnemental et Social (EIES, ou \u00c9valuation de l&#039;Impact Environnemental et Social).<\/p>\n<p>Cet outil comprend un ensemble de lignes directrices \u00e9labor\u00e9es par des consultants ind\u00e9pendants, des agences gouvernementales, des institutions financi\u00e8res et des ONG, ainsi que par d&#039;autres acteurs de l&#039;industrie du ciment, sous la coordination du World Business Council for Sustainable Development (WBCSD). Il est con\u00e7u pour r\u00e9pondre aux pr\u00e9occupations environnementales et sociales dans les carri\u00e8res et les cimenteries en identifiant les points critiques \u00e0 chaque phase et en guidant leur \u00e9valuation et leur gestion.<\/p>\n<\/div>\n<p>Les entreprises membres du CSI ont \u00e9galement pris l&#039;engagement individuel d&#039;\u00e9laborer des plans de r\u00e9habilitation sp\u00e9cifiques pour leurs mines en activit\u00e9 (plans de d\u00e9mant\u00e8lement). Ces plans doivent \u00eatre annonc\u00e9s aux parties prenantes locales et r\u00e9guli\u00e8rement r\u00e9vis\u00e9s et mis \u00e0 jour. \u00c0 cette fin, le CSI a \u00e9tabli un ensemble de directives bas\u00e9es sur l&#039;EIES qui pr\u00e9voient des informations sur les diff\u00e9rentes \u00e9tapes des op\u00e9rations d&#039;une unit\u00e9, s&#039;\u00e9tendant dans certains cas de la construction des installations jusqu&#039;au moment de la fermeture.<\/p>\n<h4>Engagements assum\u00e9s individuellement par les soci\u00e9t\u00e9s CSI<\/h4>\n<ul>\n<li>Suivre les orientations de l&#039;EIES et d\u00e9velopper des outils pour les int\u00e9grer au processus d\u00e9cisionnel ;<\/li>\n<li>\u00c9laborer des plans de r\u00e9habilitation pour les mines en activit\u00e9 et les zones dans lesquelles les installations sont exploit\u00e9es, et pr\u00e9senter ces plans aux parties prenantes d\u2019ici 2006.<\/li>\n<\/ul>\n<h4>Les r\u00e9sultats obtenus par Votorantim Cimentos<\/h4>\n<ul>\n<li>Evaluation des directives par un groupe de travail relevant du Directoire Technique, charg\u00e9 de la mission d&#039;\u00e9tudier la meilleure fa\u00e7on de les mettre en \u0153uvre.<\/li>\n<li>\n<div>\n<p>VC a pour objectif d&#039;\u00e9laborer des plans de d\u00e9mant\u00e8lement pour 80% de ses mines et usines d&#039;ici 2012, qui couvriront les aspects de la r\u00e9habilitation environnementale et des relations avec les parties prenantes.<\/p>\n<\/div>\n<\/li>\n<\/ul>\n<h2>D\u00e9mant\u00e8lement de mines<\/h2>\n<div>\n<p>L&#039;usine St Marys Cement de Charlevoix, au Michigan, a \u00e9labor\u00e9 un plan de r\u00e9habilitation de ses mines, qui sera mis en \u0153uvre apr\u00e8s la fermeture de l&#039;unit\u00e9, pr\u00e9vue dans 80 ans. Ce plan est exig\u00e9 par la l\u00e9gislation locale, dont l&#039;objectif premier est de r\u00e9habiliter la r\u00e9gion une fois l&#039;usine ferm\u00e9e.<\/p>\n<p>Le projet de l&#039;unit\u00e9 de St Marys vise \u00e0 prot\u00e9ger les ressources naturelles en implantant des syst\u00e8mes de protection contre l&#039;\u00e9rosion, ainsi que pour pr\u00e9venir les glissements de terrain, les chutes de pierres et la pollution de l&#039;eau et de l&#039;air. Les mesures anti-\u00e9rosion comprennent des talus de terre, des bottes de paille et des couvertures de terre v\u00e9g\u00e9tale appropri\u00e9es. Le plan met \u00e9galement en \u00e9vidence les moyens de r\u00e9utiliser davantage les infrastructures entourant la mine, notamment ses b\u00e2timents, ses routes, ses parkings, ses installations et ses d\u00e9charges d&#039;ordures.<\/p>\n<p>Les roches rejet\u00e9es, par exemple, \u00e0 condition qu&#039;elles soient produites localement, pourraient \u00eatre recouvertes d&#039;un sol propice \u00e0 la rev\u00e9g\u00e9talisation \u00e0 l&#039;aide de plantes indig\u00e8nes. Une structure hydrique pourrait \u00e9galement \u00eatre activ\u00e9e si le syst\u00e8me de drainage naturel du site devenait surcharg\u00e9.<\/p>\n<p>Une s\u00e9rie de mesures sont en cours d&#039;\u00e9laboration pour g\u00e9rer les impacts sur la qualit\u00e9 de l&#039;eau caus\u00e9s par les d\u00e9versements de produits chimiques. St. Marys exploite et entretient actuellement divers lacs et bassins s\u00e9dimentaires pour traiter les eaux pluviales et les rejets de la mine. Des pratiques de nettoyage des effluents seront utilis\u00e9es pour minimiser les fuites possibles et l&#039;impact cons\u00e9cutif sur l&#039;eau.<\/p>\n<p>Avant de d\u00e9molir les b\u00e2timents et les fondations, il faudra \u00e9vacuer tous les d\u00e9chets dangereux. Les r\u00e9sidus de d\u00e9molition seront charg\u00e9s et transport\u00e9s vers un site d&#039;entreposage sp\u00e9cifique. Les stationnements et les voies de circulation pourraient \u00e9galement \u00eatre d\u00e9molis et transform\u00e9s en zones r\u00e9cr\u00e9atives et r\u00e9sidentielles.<\/p>\n<div>\n<p>Le contr\u00f4le des poussi\u00e8res de ciment et de mine est un point central de la r\u00e9habilitation. Pour rem\u00e9dier \u00e0 ce probl\u00e8me, le plan de d\u00e9mant\u00e8lement pr\u00e9voit l&#039;utilisation d&#039;un syst\u00e8me d&#039;arrosage. Ce syst\u00e8me att\u00e9nue la poussi\u00e8re soulev\u00e9e pendant la d\u00e9molition. Le plan pr\u00e9voit \u00e9galement l&#039;application p\u00e9riodique d&#039;une solution de chlorure de magn\u00e9sium sur les surfaces routi\u00e8res.<\/p>\n<\/div>\n<\/div>\n<div>\n<p><a href=\"https:\/\/www.stmaryscement.com\/wp-content\/uploads\/sites\/10\/2024\/11\/Land-Swap-Concept-Charlevoix.pdf\" target=\"_blank\" rel=\"noopener\">Concept d&#039;\u00e9change de terrain Charlevoix<\/a><\/p>\n<div><a href=\"https:\/\/www.stmaryscement.com\/wp-content\/uploads\/sites\/10\/2024\/11\/outstanding-examples.pdf\" target=\"_blank\" rel=\"noopener\">Exemples exceptionnels de r\u00e9habilitation par St. Marys Cement et CBM Aggregates.<\/a><\/div>\n<\/div>\t\t\t\t\t\t\t\t<\/div>\n\t\t\t\t<\/div>\n\t\t\t\t<div class=\"elementor-element elementor-element-076ea99 elementor-widget elementor-widget-heading\" data-id=\"076ea99\" data-element_type=\"widget\" data-widget_type=\"heading.default\">\n\t\t\t\t<div class=\"elementor-widget-container\">\n\t\t\t\t\t<h2 class=\"elementor-heading-title elementor-size-default\">En savoir plus sur\n<\/h2>\t\t\t\t<\/div>\n\t\t\t\t<\/div>\n\t\t\t\t<div class=\"elementor-element elementor-element-7e7cce3 elementor-widget elementor-widget-text-editor\" data-id=\"7e7cce3\" data-element_type=\"widget\" data-widget_type=\"text-editor.default\">\n\t\t\t\t<div class=\"elementor-widget-container\">\n\t\t\t\t\t\t\t\t\t<table class=\"table table-condensed\"><tbody data-bind=\"foreach: Items\"><tr><td><a href=\"https:\/\/www.stmaryscement.com\/fr\/climate-protection\/\"><span data-bind=\"text: Title\">Protection du climat<\/span><\/a><\/td><\/tr><tr><td><a href=\"https:\/\/www.stmaryscement.com\/fr\/fuels-and-materials\/\"><span data-bind=\"text: Title\">Combustibles et mat\u00e9riaux<\/span><\/a><\/td><\/tr><tr><td><a href=\"https:\/\/www.stmaryscement.com\/fr\/emissions-monitoring\/\"><span data-bind=\"text: Title\">Surveillance des \u00e9missions<\/span><\/a><\/td><\/tr><tr><td><a href=\"https:\/\/www.stmaryscement.com\/fr\/local-impacts\/\"><span data-bind=\"text: Title\">Impacts locaux<\/span><\/a><\/td><\/tr><tr><td><a href=\"https:\/\/www.stmaryscement.com\/fr\/reporting-and-communications\/\"><span data-bind=\"text: Title\">Rapports et communications<\/span><\/a><\/td><\/tr><tr><td><a href=\"https:\/\/www.stmaryscement.com\/fr\/leed\/\"><span data-bind=\"text: Title\">Certification LEED<\/span><\/a><\/td><\/tr><tr><td><a href=\"https:\/\/www.stmaryscement.com\/fr\/recognition-and-awards\/\"><span data-bind=\"text: Title\">Reconnaissance et r\u00e9compenses<\/span><\/a><\/td><\/tr><tr><td><a href=\"https:\/\/www.stmaryscement.com\/fr\/mit-concrete-sustainability-hub\/\" data-bind=\"attr: {href: FileRef}\"><span data-bind=\"text: Title\">Centre de recherche sur la durabilit\u00e9 du b\u00e9ton du MIT<\/span><\/a><\/td><\/tr><tr><td><a href=\"https:\/\/www.stmaryscement.com\/fr\/alternative-low-carbon-fuels-project\/\"><span data-bind=\"text: Title\">Combustibles alternatifs faibles en carbone \u2014 Projet<\/span><\/a><\/td><\/tr><tr><td><a href=\"https:\/\/www.stmaryscement.com\/fr\/toxic-substance-reporting\/\" data-bind=\"attr: {href: FileRef}\"><span data-bind=\"text: Title\">D\u00e9claration de substances toxiques<\/span><\/a><\/td><\/tr><\/tbody><\/table>\t\t\t\t\t\t\t\t<\/div>\n\t\t\t\t<\/div>\n\t\t\t\t<\/div>\n\t\t\t\t\t<\/div>\n\t\t\t\t<\/div>\n\t\t\t\t<\/div>","protected":false},"excerpt":{"rendered":"<p>St Marys is committed to producing products in an excellent environmentally responsible manner. The company has been recognized for its efforts to preserve and enhance the natural environment. For example, quarry operations have been praised for interesting and innovative rehabilitation schemes. The company is committed to working cooperatively with local community groups and government to [&hellip;]<\/p>","protected":false},"author":1,"featured_media":0,"parent":0,"menu_order":0,"comment_status":"closed","ping_status":"closed","template":"","meta":{"_acf_changed":false,"footnotes":""},"class_list":["post-1906","page","type-page","status-publish","hentry"],"acf":[],"_links":{"self":[{"href":"https:\/\/www.stmaryscement.com\/fr\/wp-json\/wp\/v2\/pages\/1906","targetHints":{"allow":["GET"]}}],"collection":[{"href":"https:\/\/www.stmaryscement.com\/fr\/wp-json\/wp\/v2\/pages"}],"about":[{"href":"https:\/\/www.stmaryscement.com\/fr\/wp-json\/wp\/v2\/types\/page"}],"author":[{"embeddable":true,"href":"https:\/\/www.stmaryscement.com\/fr\/wp-json\/wp\/v2\/users\/1"}],"replies":[{"embeddable":true,"href":"https:\/\/www.stmaryscement.com\/fr\/wp-json\/wp\/v2\/comments?post=1906"}],"version-history":[{"count":0,"href":"https:\/\/www.stmaryscement.com\/fr\/wp-json\/wp\/v2\/pages\/1906\/revisions"}],"wp:attachment":[{"href":"https:\/\/www.stmaryscement.com\/fr\/wp-json\/wp\/v2\/media?parent=1906"}],"curies":[{"name":"wp","href":"https:\/\/api.w.org\/{rel}","templated":true}]}}