{"id":1897,"date":"2024-11-20T01:38:54","date_gmt":"2024-11-20T01:38:54","guid":{"rendered":"https:\/\/www.stmaryscement.com\/?page_id=1897"},"modified":"2024-11-29T19:19:52","modified_gmt":"2024-11-29T19:19:52","slug":"recognition-and-awards","status":"publish","type":"page","link":"https:\/\/www.stmaryscement.com\/fr\/recognition-and-awards\/","title":{"rendered":"Reconnaissance et r\u00e9compenses"},"content":{"rendered":"<div data-elementor-type=\"wp-page\" data-elementor-id=\"1897\" class=\"elementor elementor-1897\" data-elementor-post-type=\"page\">\n\t\t\t\t<div data-particle_enable=\"false\" data-particle-mobile-disabled=\"false\" class=\"elementor-element elementor-element-8b3f5ae e-con-full e-flex e-con e-parent\" data-id=\"8b3f5ae\" data-element_type=\"container\">\n\t\t<div data-particle_enable=\"false\" data-particle-mobile-disabled=\"false\" class=\"elementor-element elementor-element-d39b9e7 e-con-full e-flex e-con e-child\" data-id=\"d39b9e7\" data-element_type=\"container\" data-settings=\"{&quot;background_background&quot;:&quot;classic&quot;}\">\n\t\t<div data-particle_enable=\"false\" data-particle-mobile-disabled=\"false\" class=\"elementor-element elementor-element-554cc81 e-con-full e-flex e-con e-child\" data-id=\"554cc81\" data-element_type=\"container\">\n\t\t\t\t<div class=\"elementor-element elementor-element-4f093b9 elementor-widget elementor-widget-heading\" data-id=\"4f093b9\" data-element_type=\"widget\" data-widget_type=\"heading.default\">\n\t\t\t\t<div class=\"elementor-widget-container\">\n\t\t\t\t\t<h2 class=\"elementor-heading-title elementor-size-default\">Reconnaissance et r\u00e9compenses<\/h2>\t\t\t\t<\/div>\n\t\t\t\t<\/div>\n\t\t\t\t<\/div>\n\t\t\t\t<\/div>\n\t\t\t\t<\/div>\n\t\t<div data-particle_enable=\"false\" data-particle-mobile-disabled=\"false\" class=\"elementor-element elementor-element-a27844e e-flex e-con-boxed e-con e-parent\" data-id=\"a27844e\" data-element_type=\"container\">\n\t\t\t\t\t<div class=\"e-con-inner\">\n\t\t<div data-particle_enable=\"false\" data-particle-mobile-disabled=\"false\" class=\"elementor-element elementor-element-3f81f9e e-con-full e-flex e-con e-child\" data-id=\"3f81f9e\" data-element_type=\"container\">\n\t\t\t\t<div class=\"elementor-element elementor-element-b1de265 elementor-widget-divider--view-line elementor-widget elementor-widget-divider\" data-id=\"b1de265\" data-element_type=\"widget\" data-widget_type=\"divider.default\">\n\t\t\t\t<div class=\"elementor-widget-container\">\n\t\t\t\t\t\t\t<div class=\"elementor-divider\">\n\t\t\t<span class=\"elementor-divider-separator\">\n\t\t\t\t\t\t<\/span>\n\t\t<\/div>\n\t\t\t\t\t\t<\/div>\n\t\t\t\t<\/div>\n\t\t\t\t<div class=\"elementor-element elementor-element-2cd7f87 elementor-widget elementor-widget-heading\" data-id=\"2cd7f87\" data-element_type=\"widget\" data-widget_type=\"heading.default\">\n\t\t\t\t<div class=\"elementor-widget-container\">\n\t\t\t\t\t<h2 class=\"elementor-heading-title elementor-size-default\">Les usines de St Marys Cement ont acquis une reconnaissance nationale et internationale pour leurs contributions exceptionnelles \u00e0 la protection de l&#039;environnement, \u00e0 la conservation de l&#039;\u00e9nergie et au maintien de pratiques de gestion saines dans leurs op\u00e9rations. Gr\u00e2ce \u00e0 des \u00e9quipements modernes, \u00e0 des investissements en personnel et \u00e0 une gestion innovante, nos usines ont d\u00e9pass\u00e9 les mesures de conformit\u00e9 gouvernementales et ont d\u00e9montr\u00e9 leur engagement envers l&#039;excellence environnementale.\n\n<\/h2>\t\t\t\t<\/div>\n\t\t\t\t<\/div>\n\t\t\t\t<\/div>\n\t\t<div data-particle_enable=\"false\" data-particle-mobile-disabled=\"false\" class=\"elementor-element elementor-element-070639c e-con-full e-flex e-con e-child\" data-id=\"070639c\" data-element_type=\"container\">\n\t\t\t\t<div class=\"elementor-element elementor-element-91d46d0 elementor-widget elementor-widget-image\" data-id=\"91d46d0\" data-element_type=\"widget\" data-widget_type=\"image.default\">\n\t\t\t\t<div class=\"elementor-widget-container\">\n\t\t\t\t\t\t\t\t\t\t\t\t\t\t\t<img fetchpriority=\"high\" decoding=\"async\" width=\"750\" height=\"500\" src=\"https:\/\/www.stmaryscement.com\/wp-content\/uploads\/sites\/10\/2024\/11\/22.jpg\" class=\"attachment-full size-full wp-image-1898\" alt=\"\" srcset=\"https:\/\/www.stmaryscement.com\/wp-content\/uploads\/sites\/10\/2024\/11\/22.jpg 750w, https:\/\/www.stmaryscement.com\/wp-content\/uploads\/sites\/10\/2024\/11\/22-300x200.jpg 300w, https:\/\/www.stmaryscement.com\/wp-content\/uploads\/sites\/10\/2024\/11\/22-18x12.jpg 18w\" sizes=\"(max-width: 750px) 100vw, 750px\" \/>\t\t\t\t\t\t\t\t\t\t\t\t\t\t\t<\/div>\n\t\t\t\t<\/div>\n\t\t\t\t<\/div>\n\t\t\t\t\t<\/div>\n\t\t\t\t<\/div>\n\t\t<div data-particle_enable=\"false\" data-particle-mobile-disabled=\"false\" class=\"elementor-element elementor-element-e4c1170 e-flex e-con-boxed e-con e-parent\" data-id=\"e4c1170\" data-element_type=\"container\">\n\t\t\t\t\t<div class=\"e-con-inner\">\n\t\t<div data-particle_enable=\"false\" data-particle-mobile-disabled=\"false\" class=\"elementor-element elementor-element-fb231a3 e-con-full e-flex e-con e-child\" data-id=\"fb231a3\" data-element_type=\"container\">\n\t\t\t\t<div class=\"elementor-element elementor-element-ab756cf elementor-widget elementor-widget-text-editor\" data-id=\"ab756cf\" data-element_type=\"widget\" data-widget_type=\"text-editor.default\">\n\t\t\t\t<div class=\"elementor-widget-container\">\n\t\t\t\t\t\t\t\t\t<div class=\"max-w-[500px] min-w-[300px]\"><p class=\"text-sm mt-3 mb-8 break-words whitespace-pre-line\">St Marys Cement s&#039;engage \u00e0 r\u00e9pondre aux besoins de ses clients en leur fournissant des produits et des services qui d\u00e9passent les exigences. Les produits que nous fournissons \u00e0 l&#039;industrie de la construction sont fabriqu\u00e9s non seulement pour d\u00e9passer les normes de produits ASTM et CSA, mais \u00e9galement pour d\u00e9passer les normes internationales m\u00e9ticuleuses.<\/p><p class=\"text-sm mt-3 mb-8 break-words whitespace-pre-line\">Gr\u00e2ce \u00e0 une am\u00e9lioration continue, St Marys Cement a mis en place un syst\u00e8me de gestion int\u00e9gr\u00e9. Notre ciment est fabriqu\u00e9 selon des normes et des exigences certifi\u00e9es par des tiers, conform\u00e9ment \u00e0 des normes reconnues et accept\u00e9es \u00e0 l&#039;\u00e9chelle internationale. Cela comprend les normes ISO 9001 (gestion de la qualit\u00e9), ISO 14001 (gestion de l&#039;environnement) et OHSAS 18001 (gestion de la sant\u00e9 et de la s\u00e9curit\u00e9 au travail).<\/p><p class=\"text-sm mt-3 mb-8 break-words whitespace-pre-line\">L&#039;usine St Marys Cement situ\u00e9e \u00e0 Bowmanville, en Ontario, au Canada, a obtenu la certification ISO 50001 de l&#039;Organisation internationale de normalisation (ISO) le 15 novembre 2011, devenant ainsi la premi\u00e8re usine en Am\u00e9rique du Nord \u00e0 recevoir cette certification.<\/p><\/div><div><div class=\"rounded-lg border border-gray-200 overflow-hidden\">\u00a0<\/div><\/div>\t\t\t\t\t\t\t\t<\/div>\n\t\t\t\t<\/div>\n\t\t\t\t<div class=\"elementor-element elementor-element-076ea99 elementor-widget elementor-widget-heading\" data-id=\"076ea99\" data-element_type=\"widget\" data-widget_type=\"heading.default\">\n\t\t\t\t<div class=\"elementor-widget-container\">\n\t\t\t\t\t<h2 class=\"elementor-heading-title elementor-size-default\">En savoir plus sur\n<\/h2>\t\t\t\t<\/div>\n\t\t\t\t<\/div>\n\t\t\t\t<div class=\"elementor-element elementor-element-1fce798 elementor-widget elementor-widget-text-editor\" data-id=\"1fce798\" data-element_type=\"widget\" data-widget_type=\"text-editor.default\">\n\t\t\t\t<div class=\"elementor-widget-container\">\n\t\t\t\t\t\t\t\t\t<table class=\"table table-condensed\"><tbody data-bind=\"foreach: Items\"><tr><td><a href=\"https:\/\/www.stmaryscement.com\/fr\/climate-protection\/\"><span data-bind=\"text: Title\">Protection du climat<\/span><\/a><\/td><\/tr><tr><td><a href=\"https:\/\/www.stmaryscement.com\/fr\/fuels-and-materials\/\"><span data-bind=\"text: Title\">Combustibles et mat\u00e9riaux<\/span><\/a><\/td><\/tr><tr><td><a href=\"https:\/\/www.stmaryscement.com\/fr\/emissions-monitoring\/\"><span data-bind=\"text: Title\">Surveillance des \u00e9missions<\/span><\/a><\/td><\/tr><tr><td><a href=\"https:\/\/www.stmaryscement.com\/fr\/local-impacts\/\"><span data-bind=\"text: Title\">Impacts locaux<\/span><\/a><\/td><\/tr><tr><td><a href=\"https:\/\/www.stmaryscement.com\/fr\/reporting-and-communications\/\"><span data-bind=\"text: Title\">Rapports et communications<\/span><\/a><\/td><\/tr><tr><td><a href=\"https:\/\/www.stmaryscement.com\/fr\/leed\/\"><span data-bind=\"text: Title\">Certification LEED<\/span><\/a><\/td><\/tr><tr><td><a href=\"https:\/\/www.stmaryscement.com\/fr\/recognition-and-awards\/\"><span data-bind=\"text: Title\">Reconnaissance et r\u00e9compenses<\/span><\/a><\/td><\/tr><tr><td><a href=\"https:\/\/www.stmaryscement.com\/fr\/mit-concrete-sustainability-hub\/\" data-bind=\"attr: {href: FileRef}\"><span data-bind=\"text: Title\">Centre de recherche sur la durabilit\u00e9 du b\u00e9ton du MIT<\/span><\/a><\/td><\/tr><tr><td><a href=\"https:\/\/www.stmaryscement.com\/fr\/alternative-low-carbon-fuels-project\/\"><span data-bind=\"text: Title\">Combustibles alternatifs faibles en carbone \u2014 Projet<\/span><\/a><\/td><\/tr><tr><td><a href=\"https:\/\/www.stmaryscement.com\/fr\/toxic-substance-reporting\/\" data-bind=\"attr: {href: FileRef}\"><span data-bind=\"text: Title\">D\u00e9claration de substances toxiques<\/span><\/a><\/td><\/tr><\/tbody><\/table>\t\t\t\t\t\t\t\t<\/div>\n\t\t\t\t<\/div>\n\t\t\t\t<\/div>\n\t\t\t\t\t<\/div>\n\t\t\t\t<\/div>\n\t\t\t\t<\/div>","protected":false},"excerpt":{"rendered":"<p>St Marys Cement plants have gained national and international recognition for outstanding contributions to protecting the environment, conserving energy, and maintaining sound management practice in their operations. Through modern equipment, staff investment, and innovative management, our plants have surpassed governmental compliance measures and demonstrated a commitment to environmental excellence. St Marys Cement is committed to [&hellip;]<\/p>","protected":false},"author":1,"featured_media":0,"parent":0,"menu_order":0,"comment_status":"closed","ping_status":"closed","template":"","meta":{"_acf_changed":false,"footnotes":""},"class_list":["post-1897","page","type-page","status-publish","hentry"],"acf":[],"_links":{"self":[{"href":"https:\/\/www.stmaryscement.com\/fr\/wp-json\/wp\/v2\/pages\/1897","targetHints":{"allow":["GET"]}}],"collection":[{"href":"https:\/\/www.stmaryscement.com\/fr\/wp-json\/wp\/v2\/pages"}],"about":[{"href":"https:\/\/www.stmaryscement.com\/fr\/wp-json\/wp\/v2\/types\/page"}],"author":[{"embeddable":true,"href":"https:\/\/www.stmaryscement.com\/fr\/wp-json\/wp\/v2\/users\/1"}],"replies":[{"embeddable":true,"href":"https:\/\/www.stmaryscement.com\/fr\/wp-json\/wp\/v2\/comments?post=1897"}],"version-history":[{"count":0,"href":"https:\/\/www.stmaryscement.com\/fr\/wp-json\/wp\/v2\/pages\/1897\/revisions"}],"wp:attachment":[{"href":"https:\/\/www.stmaryscement.com\/fr\/wp-json\/wp\/v2\/media?parent=1897"}],"curies":[{"name":"wp","href":"https:\/\/api.w.org\/{rel}","templated":true}]}}