{"id":1877,"date":"2024-11-20T00:51:39","date_gmt":"2024-11-20T00:51:39","guid":{"rendered":"https:\/\/www.stmaryscement.com\/?page_id=1877"},"modified":"2025-08-11T12:06:07","modified_gmt":"2025-08-11T12:06:07","slug":"contact-us-bowmanville","status":"publish","type":"page","link":"https:\/\/www.stmaryscement.com\/fr\/contact-us-bowmanville\/","title":{"rendered":"Contactez-nous \u2013 Bowmanville"},"content":{"rendered":"<div data-elementor-type=\"wp-page\" data-elementor-id=\"1877\" class=\"elementor elementor-1877\" data-elementor-post-type=\"page\">\n\t\t\t\t<div data-particle_enable=\"false\" data-particle-mobile-disabled=\"false\" class=\"elementor-element elementor-element-8b3f5ae e-con-full e-flex e-con e-parent\" data-id=\"8b3f5ae\" data-element_type=\"container\">\n\t\t<div data-particle_enable=\"false\" data-particle-mobile-disabled=\"false\" class=\"elementor-element elementor-element-d39b9e7 e-con-full e-flex e-con e-child\" data-id=\"d39b9e7\" data-element_type=\"container\" data-settings=\"{&quot;background_background&quot;:&quot;classic&quot;}\">\n\t\t<div data-particle_enable=\"false\" data-particle-mobile-disabled=\"false\" class=\"elementor-element elementor-element-554cc81 e-con-full e-flex e-con e-child\" data-id=\"554cc81\" data-element_type=\"container\">\n\t\t\t\t<div class=\"elementor-element elementor-element-4f093b9 elementor-widget elementor-widget-heading\" data-id=\"4f093b9\" data-element_type=\"widget\" data-widget_type=\"heading.default\">\n\t\t\t\t<div class=\"elementor-widget-container\">\n\t\t\t\t\t<h2 class=\"elementor-heading-title elementor-size-default\">Contactez-nous \u2013 Bowmanville<\/h2>\t\t\t\t<\/div>\n\t\t\t\t<\/div>\n\t\t\t\t<\/div>\n\t\t\t\t<\/div>\n\t\t\t\t<\/div>\n\t\t<div data-particle_enable=\"false\" data-particle-mobile-disabled=\"false\" class=\"elementor-element elementor-element-a27844e e-flex e-con-boxed e-con e-parent\" data-id=\"a27844e\" data-element_type=\"container\">\n\t\t\t\t\t<div class=\"e-con-inner\">\n\t\t<div data-particle_enable=\"false\" data-particle-mobile-disabled=\"false\" class=\"elementor-element elementor-element-3f81f9e e-con-full e-flex e-con e-child\" data-id=\"3f81f9e\" data-element_type=\"container\">\n\t\t\t\t<div class=\"elementor-element elementor-element-b1de265 elementor-widget-divider--view-line elementor-widget elementor-widget-divider\" data-id=\"b1de265\" data-element_type=\"widget\" data-widget_type=\"divider.default\">\n\t\t\t\t<div class=\"elementor-widget-container\">\n\t\t\t\t\t\t\t<div class=\"elementor-divider\">\n\t\t\t<span class=\"elementor-divider-separator\">\n\t\t\t\t\t\t<\/span>\n\t\t<\/div>\n\t\t\t\t\t\t<\/div>\n\t\t\t\t<\/div>\n\t\t\t\t<div class=\"elementor-element elementor-element-1882261 elementor-widget elementor-widget-text-editor\" data-id=\"1882261\" data-element_type=\"widget\" data-widget_type=\"text-editor.default\">\n\t\t\t\t<div class=\"elementor-widget-container\">\n\t\t\t\t\t\t\t\t\t<p>Responsable de la carri\u00e8re, Yhon Downie : 905-806-1431<\/p><p>Sp\u00e9cialiste en sant\u00e9 et s\u00e9curit\u00e9, Ashley Novak : 905-981-3754<\/p><p><span data-olk-copy-source=\"MessageBody\">Environmental Manager, Joe Frost: 416-908-9992<\/span><\/p><p><span data-olk-copy-source=\"MessageBody\">For any inquiries related to environmental matters, please contact Joe Frost.<\/span><\/p><p>\u00a0<\/p><p>Adresse:<\/p><p>410, avenue Bowmanville<\/p><p>Bowmanville (Ontario) L1C 7B5<\/p><p>Zoya Davidson<\/p><p>Responsable des Ressources Humaines<\/p>\t\t\t\t\t\t\t\t<\/div>\n\t\t\t\t<\/div>\n\t\t\t\t<\/div>\n\t\t\t\t\t<\/div>\n\t\t\t\t<\/div>\n\t\t\t\t<\/div>","protected":false},"excerpt":{"rendered":"<p>Quarry Manager, Yhon Downie: 905-806-1431 Health &amp; Safety Specialist, Ashley Novak: 905-981-3754 Environmental Manager, Joe Frost: 416-908-9992 For any inquiries related to environmental matters, please contact Joe Frost. \u00a0 Address: 410 Bowmanville Avenue Bowmanville, ON L1C 7B5 Zoya Davidson Human Resources Manager\u200b<\/p>","protected":false},"author":1,"featured_media":0,"parent":0,"menu_order":0,"comment_status":"closed","ping_status":"closed","template":"","meta":{"_acf_changed":false,"footnotes":""},"class_list":["post-1877","page","type-page","status-publish","hentry"],"acf":[],"_links":{"self":[{"href":"https:\/\/www.stmaryscement.com\/fr\/wp-json\/wp\/v2\/pages\/1877","targetHints":{"allow":["GET"]}}],"collection":[{"href":"https:\/\/www.stmaryscement.com\/fr\/wp-json\/wp\/v2\/pages"}],"about":[{"href":"https:\/\/www.stmaryscement.com\/fr\/wp-json\/wp\/v2\/types\/page"}],"author":[{"embeddable":true,"href":"https:\/\/www.stmaryscement.com\/fr\/wp-json\/wp\/v2\/users\/1"}],"replies":[{"embeddable":true,"href":"https:\/\/www.stmaryscement.com\/fr\/wp-json\/wp\/v2\/comments?post=1877"}],"version-history":[{"count":0,"href":"https:\/\/www.stmaryscement.com\/fr\/wp-json\/wp\/v2\/pages\/1877\/revisions"}],"wp:attachment":[{"href":"https:\/\/www.stmaryscement.com\/fr\/wp-json\/wp\/v2\/media?parent=1877"}],"curies":[{"name":"wp","href":"https:\/\/api.w.org\/{rel}","templated":true}]}}