{"id":1818,"date":"2024-11-19T23:13:39","date_gmt":"2024-11-19T23:13:39","guid":{"rendered":"https:\/\/www.stmaryscement.com\/?page_id=1818"},"modified":"2024-11-19T23:24:43","modified_gmt":"2024-11-19T23:24:43","slug":"notice-of-public-meeting-2","status":"publish","type":"page","link":"https:\/\/www.stmaryscement.com\/fr\/notice-of-public-meeting-2\/","title":{"rendered":"Avis de r\u00e9union publique #2"},"content":{"rendered":"<div data-elementor-type=\"wp-page\" data-elementor-id=\"1818\" class=\"elementor elementor-1818\" data-elementor-post-type=\"page\">\n\t\t\t\t<div data-particle_enable=\"false\" data-particle-mobile-disabled=\"false\" class=\"elementor-element elementor-element-8b3f5ae e-con-full e-flex e-con e-parent\" data-id=\"8b3f5ae\" data-element_type=\"container\">\n\t\t<div data-particle_enable=\"false\" data-particle-mobile-disabled=\"false\" class=\"elementor-element elementor-element-d39b9e7 e-con-full e-flex e-con e-child\" data-id=\"d39b9e7\" data-element_type=\"container\" data-settings=\"{&quot;background_background&quot;:&quot;classic&quot;}\">\n\t\t<div data-particle_enable=\"false\" data-particle-mobile-disabled=\"false\" class=\"elementor-element elementor-element-554cc81 e-con-full e-flex e-con e-child\" data-id=\"554cc81\" data-element_type=\"container\">\n\t\t\t\t<div class=\"elementor-element elementor-element-4f093b9 elementor-widget elementor-widget-heading\" data-id=\"4f093b9\" data-element_type=\"widget\" data-widget_type=\"heading.default\">\n\t\t\t\t<div class=\"elementor-widget-container\">\n\t\t\t\t\t<h2 class=\"elementor-heading-title elementor-size-default\">Avis de r\u00e9union publique #2\n<\/h2>\t\t\t\t<\/div>\n\t\t\t\t<\/div>\n\t\t\t\t<\/div>\n\t\t\t\t<\/div>\n\t\t\t\t<\/div>\n\t\t<div data-particle_enable=\"false\" data-particle-mobile-disabled=\"false\" class=\"elementor-element elementor-element-a27844e e-flex e-con-boxed e-con e-parent\" data-id=\"a27844e\" data-element_type=\"container\">\n\t\t\t\t\t<div class=\"e-con-inner\">\n\t\t<div data-particle_enable=\"false\" data-particle-mobile-disabled=\"false\" class=\"elementor-element elementor-element-3f81f9e e-con-full e-flex e-con e-child\" data-id=\"3f81f9e\" data-element_type=\"container\">\n\t\t\t\t<div class=\"elementor-element elementor-element-1882261 elementor-widget elementor-widget-text-editor\" data-id=\"1882261\" data-element_type=\"widget\" data-widget_type=\"text-editor.default\">\n\t\t\t\t<div class=\"elementor-widget-container\">\n\t\t\t\t\t\t\t\t\t<p>\u200b\u200b\u00c0 l&#039;appui de cette demande et conform\u00e9ment au R\u00e8glement de l&#039;Ontario 79\/15, SMC a programm\u00e9 la deuxi\u00e8me de deux r\u00e9unions publiques. La r\u00e9union publique #2 aura lieu le mardi 17 d\u00e9cembre 2019.\u200b\u200b<\/p><p>\u200b\u200b<a title=\"Pour plus d&#039;informations, veuillez consulter l&#039;avis ici\" href=\"https:\/\/www.stmaryscement.com\/wp-content\/uploads\/sites\/10\/2024\/11\/SMC-VCNA-ALCF-Bowmanville-Notice-of-PublicMeeting2.pdf\" target=\"_blank\" rel=\"noopener\">SMC-VCNA-ALCF-Bowmanville-Avis-de-r\u00e9union-publique2.pdf<\/a><\/p>\t\t\t\t\t\t\t\t<\/div>\n\t\t\t\t<\/div>\n\t\t\t\t<div class=\"elementor-element elementor-element-2fb446d elementor-widget elementor-widget-image\" data-id=\"2fb446d\" data-element_type=\"widget\" data-widget_type=\"image.default\">\n\t\t\t\t<div class=\"elementor-widget-container\">\n\t\t\t\t\t\t\t\t\t\t\t\t\t\t\t<img fetchpriority=\"high\" decoding=\"async\" width=\"1000\" height=\"450\" src=\"https:\/\/www.stmaryscement.com\/wp-content\/uploads\/sites\/10\/2024\/11\/alt-fuels-rect.jpg\" class=\"attachment-full size-full wp-image-1816\" alt=\"\" srcset=\"https:\/\/www.stmaryscement.com\/wp-content\/uploads\/sites\/10\/2024\/11\/alt-fuels-rect.jpg 1000w, https:\/\/www.stmaryscement.com\/wp-content\/uploads\/sites\/10\/2024\/11\/alt-fuels-rect-300x135.jpg 300w, https:\/\/www.stmaryscement.com\/wp-content\/uploads\/sites\/10\/2024\/11\/alt-fuels-rect-768x346.jpg 768w, https:\/\/www.stmaryscement.com\/wp-content\/uploads\/sites\/10\/2024\/11\/alt-fuels-rect-18x8.jpg 18w\" sizes=\"(max-width: 1000px) 100vw, 1000px\" \/>\t\t\t\t\t\t\t\t\t\t\t\t\t\t\t<\/div>\n\t\t\t\t<\/div>\n\t\t\t\t<\/div>\n\t\t<div data-particle_enable=\"false\" data-particle-mobile-disabled=\"false\" class=\"elementor-element elementor-element-e49808f e-con-full e-flex e-con e-child\" data-id=\"e49808f\" data-element_type=\"container\">\n\t\t\t\t<div class=\"elementor-element elementor-element-07730b7 elementor-widget elementor-widget-text-editor\" data-id=\"07730b7\" data-element_type=\"widget\" data-widget_type=\"text-editor.default\">\n\t\t\t\t<div class=\"elementor-widget-container\">\n\t\t\t\t\t\t\t\t\t<h3><a href=\"https:\/\/www.stmaryscement.com\/fr\/notice-of-intention-to-apply-under-ontario-regulation-79-15-and-notice-of-public-meeting-1\/\">Avis d&#039;intention de pr\u00e9senter une demande en vertu du R\u00e8glement de l&#039;Ontario 79\/15 et avis de r\u00e9union publique #1<\/a><\/h3><div><span data-bind=\"text: Comments\">\u00c0 l'appui de cette demande, et conform\u00e9ment au R\u00e8glement de l'Ontario 79\/15 et \u00e0 l'approbation actuelle de l'ACE de CSM, CSM a programm\u00e9 la premi\u00e8re de deux r\u00e9unions publiques. Vous \u00eates invit\u00e9s \u00e0 y assister \u00e0 tout moment entre 18 h 30 et 20 h 30.<\/span><\/div>\t\t\t\t\t\t\t\t<\/div>\n\t\t\t\t<\/div>\n\t\t\t\t<div class=\"elementor-element elementor-element-5ce2489 elementor-widget-divider--view-line elementor-widget elementor-widget-divider\" data-id=\"5ce2489\" data-element_type=\"widget\" data-widget_type=\"divider.default\">\n\t\t\t\t<div class=\"elementor-widget-container\">\n\t\t\t\t\t\t\t<div class=\"elementor-divider\">\n\t\t\t<span class=\"elementor-divider-separator\">\n\t\t\t\t\t\t<\/span>\n\t\t<\/div>\n\t\t\t\t\t\t<\/div>\n\t\t\t\t<\/div>\n\t\t\t\t<div class=\"elementor-element elementor-element-a401221 elementor-widget elementor-widget-text-editor\" data-id=\"a401221\" data-element_type=\"widget\" data-widget_type=\"text-editor.default\">\n\t\t\t\t<div class=\"elementor-widget-container\">\n\t\t\t\t\t\t\t\t\t<h3><a href=\"https:\/\/www.stmaryscement.com\/fr\/notice-of-public-meeting-2\/\">Avis de r\u00e9union publique #2<\/a><\/h3><div><span data-bind=\"text: Comments\">\u00c0 l\u2019appui de cette demande et conform\u00e9ment au R\u00e8glement de l\u2019Ontario 79\/15, la CSM a pr\u00e9vu la deuxi\u00e8me de deux r\u00e9unions publiques. La r\u00e9union publique #2 aura lieu le mardi 17 d\u00e9cembre 2019.<\/span><\/div>\t\t\t\t\t\t\t\t<\/div>\n\t\t\t\t<\/div>\n\t\t\t\t<div class=\"elementor-element elementor-element-b05f247 elementor-widget-divider--view-line elementor-widget elementor-widget-divider\" data-id=\"b05f247\" data-element_type=\"widget\" data-widget_type=\"divider.default\">\n\t\t\t\t<div class=\"elementor-widget-container\">\n\t\t\t\t\t\t\t<div class=\"elementor-divider\">\n\t\t\t<span class=\"elementor-divider-separator\">\n\t\t\t\t\t\t<\/span>\n\t\t<\/div>\n\t\t\t\t\t\t<\/div>\n\t\t\t\t<\/div>\n\t\t\t\t<div class=\"elementor-element elementor-element-0830a41 elementor-widget elementor-widget-text-editor\" data-id=\"0830a41\" data-element_type=\"widget\" data-widget_type=\"text-editor.default\">\n\t\t\t\t<div class=\"elementor-widget-container\">\n\t\t\t\t\t\t\t\t\t<h3><a href=\"https:\/\/www.stmaryscement.com\/fr\/notice-of-completion-of-the-consultation-report\/\">Avis d&#039;ach\u00e8vement du rapport de consultation<\/a><\/h3><div><span data-bind=\"text: Comments\">SM a r\u00e9dig\u00e9 un rapport de consultation pour ce projet qui peut d\u00e9sormais \u00eatre consult\u00e9 sur ce site Web sous la rubrique Documents et ressources.<\/span><\/div>\t\t\t\t\t\t\t\t<\/div>\n\t\t\t\t<\/div>\n\t\t\t\t<\/div>\n\t\t\t\t\t<\/div>\n\t\t\t\t<\/div>\n\t\t\t\t<\/div>","protected":false},"excerpt":{"rendered":"<p>Notice of Public Meeting #2 \u200b\u200bIn support of this application, and in accordance with O. Reg 79\/15, SMC has scheduled the second of two public meetings. Public Meeting #2 will be held on Tuesday December 17, 2019.\u200b\u200b \u200b\u200bSMC-VCNA-ALCF-Bowmanville-Notice-of-PublicMeeting2.pdf Notice of Intention to Apply under Ontario Regulation 79\/15 and Notice of Public Meeting #1 In support [&hellip;]<\/p>","protected":false},"author":1,"featured_media":1816,"parent":0,"menu_order":0,"comment_status":"closed","ping_status":"closed","template":"","meta":{"_acf_changed":false,"footnotes":""},"class_list":["post-1818","page","type-page","status-publish","has-post-thumbnail","hentry"],"acf":[],"_links":{"self":[{"href":"https:\/\/www.stmaryscement.com\/fr\/wp-json\/wp\/v2\/pages\/1818","targetHints":{"allow":["GET"]}}],"collection":[{"href":"https:\/\/www.stmaryscement.com\/fr\/wp-json\/wp\/v2\/pages"}],"about":[{"href":"https:\/\/www.stmaryscement.com\/fr\/wp-json\/wp\/v2\/types\/page"}],"author":[{"embeddable":true,"href":"https:\/\/www.stmaryscement.com\/fr\/wp-json\/wp\/v2\/users\/1"}],"replies":[{"embeddable":true,"href":"https:\/\/www.stmaryscement.com\/fr\/wp-json\/wp\/v2\/comments?post=1818"}],"version-history":[{"count":0,"href":"https:\/\/www.stmaryscement.com\/fr\/wp-json\/wp\/v2\/pages\/1818\/revisions"}],"wp:featuredmedia":[{"embeddable":true,"href":"https:\/\/www.stmaryscement.com\/fr\/wp-json\/wp\/v2\/media\/1816"}],"wp:attachment":[{"href":"https:\/\/www.stmaryscement.com\/fr\/wp-json\/wp\/v2\/media?parent=1818"}],"curies":[{"name":"wp","href":"https:\/\/api.w.org\/{rel}","templated":true}]}}