{"id":1482,"date":"2024-10-29T16:20:18","date_gmt":"2024-10-29T16:20:18","guid":{"rendered":"https:\/\/vcnastg.wpenginepowered.com\/?page_id=1482"},"modified":"2024-11-20T20:48:04","modified_gmt":"2024-11-20T20:48:04","slug":"bowmanville-community-relations","status":"publish","type":"page","link":"https:\/\/www.stmaryscement.com\/fr\/bowmanville-community-relations\/","title":{"rendered":"Relations avec la communaut\u00e9 de Bowmanville"},"content":{"rendered":"<div data-elementor-type=\"wp-page\" data-elementor-id=\"1482\" class=\"elementor elementor-1482\" data-elementor-post-type=\"page\">\n\t\t\t\t<div data-particle_enable=\"false\" data-particle-mobile-disabled=\"false\" class=\"elementor-element elementor-element-8b3f5ae e-con-full e-flex e-con e-parent\" data-id=\"8b3f5ae\" data-element_type=\"container\">\n\t\t<div data-particle_enable=\"false\" data-particle-mobile-disabled=\"false\" class=\"elementor-element elementor-element-d39b9e7 e-con-full e-flex e-con e-child\" data-id=\"d39b9e7\" data-element_type=\"container\" data-settings=\"{&quot;background_background&quot;:&quot;classic&quot;}\">\n\t\t<div data-particle_enable=\"false\" data-particle-mobile-disabled=\"false\" class=\"elementor-element elementor-element-554cc81 e-con-full e-flex e-con e-child\" data-id=\"554cc81\" data-element_type=\"container\">\n\t\t\t\t<div class=\"elementor-element elementor-element-4f093b9 elementor-widget elementor-widget-heading\" data-id=\"4f093b9\" data-element_type=\"widget\" data-widget_type=\"heading.default\">\n\t\t\t\t<div class=\"elementor-widget-container\">\n\t\t\t\t\t<h2 class=\"elementor-heading-title elementor-size-default\">Relations avec la communaut\u00e9 de Bowmanville<\/h2>\t\t\t\t<\/div>\n\t\t\t\t<\/div>\n\t\t\t\t<div class=\"elementor-element elementor-element-e4d0f9f elementor-widget elementor-widget-heading\" data-id=\"e4d0f9f\" data-element_type=\"widget\" data-widget_type=\"heading.default\">\n\t\t\t\t<div class=\"elementor-widget-container\">\n\t\t\t\t\t<h2 class=\"elementor-heading-title elementor-size-default\">Engag\u00e9e \u00e0 Bowmanville\n<\/h2>\t\t\t\t<\/div>\n\t\t\t\t<\/div>\n\t\t\t\t<\/div>\n\t\t\t\t<\/div>\n\t\t\t\t<\/div>\n\t\t<div data-particle_enable=\"false\" data-particle-mobile-disabled=\"false\" class=\"elementor-element elementor-element-a27844e e-flex e-con-boxed e-con e-parent\" data-id=\"a27844e\" data-element_type=\"container\">\n\t\t\t\t\t<div class=\"e-con-inner\">\n\t\t<div data-particle_enable=\"false\" data-particle-mobile-disabled=\"false\" class=\"elementor-element elementor-element-3f81f9e e-con-full e-flex e-con e-child\" data-id=\"3f81f9e\" data-element_type=\"container\">\n\t\t\t\t<div class=\"elementor-element elementor-element-b1de265 elementor-widget-divider--view-line elementor-widget elementor-widget-divider\" data-id=\"b1de265\" data-element_type=\"widget\" data-widget_type=\"divider.default\">\n\t\t\t\t<div class=\"elementor-widget-container\">\n\t\t\t\t\t\t\t<div class=\"elementor-divider\">\n\t\t\t<span class=\"elementor-divider-separator\">\n\t\t\t\t\t\t<\/span>\n\t\t<\/div>\n\t\t\t\t\t\t<\/div>\n\t\t\t\t<\/div>\n\t\t\t\t<div class=\"elementor-element elementor-element-2cd7f87 elementor-widget elementor-widget-heading\" data-id=\"2cd7f87\" data-element_type=\"widget\" data-widget_type=\"heading.default\">\n\t\t\t\t<div class=\"elementor-widget-container\">\n\t\t\t\t\t<h2 class=\"elementor-heading-title elementor-size-default\">Relations communautaires de Ciment St Marys \u00e0 Bowmanville<\/h2>\t\t\t\t<\/div>\n\t\t\t\t<\/div>\n\t\t\t\t<div class=\"elementor-element elementor-element-1882261 elementor-widget elementor-widget-text-editor\" data-id=\"1882261\" data-element_type=\"widget\" data-widget_type=\"text-editor.default\">\n\t\t\t\t<div class=\"elementor-widget-container\">\n\t\t\t\t\t\t\t\t\t<p>St. Marys, Bowmanville s&#039;efforce d&#039;\u00e9duquer les groupes d&#039;intervenants et la communaut\u00e9 sur l&#039;importance du ciment et du b\u00e9ton dans notre soci\u00e9t\u00e9, et de maintenir et d&#039;am\u00e9liorer les relations avec les voisins et la communaut\u00e9 environnante.<\/p>\t\t\t\t\t\t\t\t<\/div>\n\t\t\t\t<\/div>\n\t\t\t\t<\/div>\n\t\t<div data-particle_enable=\"false\" data-particle-mobile-disabled=\"false\" class=\"elementor-element elementor-element-e49808f e-con-full e-flex e-con e-child\" data-id=\"e49808f\" data-element_type=\"container\">\n\t\t\t\t<div class=\"elementor-element elementor-element-2fb446d elementor-widget elementor-widget-image\" data-id=\"2fb446d\" data-element_type=\"widget\" data-widget_type=\"image.default\">\n\t\t\t\t<div class=\"elementor-widget-container\">\n\t\t\t\t\t\t\t\t\t\t\t\t\t\t\t<img fetchpriority=\"high\" decoding=\"async\" width=\"1169\" height=\"681\" src=\"https:\/\/www.stmaryscement.com\/wp-content\/uploads\/sites\/10\/2024\/11\/bowmanville.jpg\" class=\"attachment-full size-full wp-image-1879\" alt=\"\" srcset=\"https:\/\/www.stmaryscement.com\/wp-content\/uploads\/sites\/10\/2024\/11\/bowmanville.jpg 1169w, https:\/\/www.stmaryscement.com\/wp-content\/uploads\/sites\/10\/2024\/11\/bowmanville-300x175.jpg 300w, https:\/\/www.stmaryscement.com\/wp-content\/uploads\/sites\/10\/2024\/11\/bowmanville-1024x597.jpg 1024w, https:\/\/www.stmaryscement.com\/wp-content\/uploads\/sites\/10\/2024\/11\/bowmanville-768x447.jpg 768w, https:\/\/www.stmaryscement.com\/wp-content\/uploads\/sites\/10\/2024\/11\/bowmanville-18x10.jpg 18w\" sizes=\"(max-width: 1169px) 100vw, 1169px\" \/>\t\t\t\t\t\t\t\t\t\t\t\t\t\t\t<\/div>\n\t\t\t\t<\/div>\n\t\t\t\t<\/div>\n\t\t\t\t\t<\/div>\n\t\t\t\t<\/div>\n\t\t<div data-particle_enable=\"false\" data-particle-mobile-disabled=\"false\" class=\"elementor-element elementor-element-552659d e-flex e-con-boxed e-con e-parent\" data-id=\"552659d\" data-element_type=\"container\" data-settings=\"{&quot;background_background&quot;:&quot;classic&quot;}\">\n\t\t\t\t\t<div class=\"e-con-inner\">\n\t\t<div data-particle_enable=\"false\" data-particle-mobile-disabled=\"false\" class=\"elementor-element elementor-element-e7474c7 e-con-full e-flex e-con e-child\" data-id=\"e7474c7\" data-element_type=\"container\">\n\t\t\t\t<div class=\"elementor-element elementor-element-7880a4d elementor-widget-divider--view-line elementor-widget elementor-widget-divider\" data-id=\"7880a4d\" data-element_type=\"widget\" data-widget_type=\"divider.default\">\n\t\t\t\t<div class=\"elementor-widget-container\">\n\t\t\t\t\t\t\t<div class=\"elementor-divider\">\n\t\t\t<span class=\"elementor-divider-separator\">\n\t\t\t\t\t\t<\/span>\n\t\t<\/div>\n\t\t\t\t\t\t<\/div>\n\t\t\t\t<\/div>\n\t\t\t\t<div class=\"elementor-element elementor-element-bcf36fa elementor-widget elementor-widget-heading\" data-id=\"bcf36fa\" data-element_type=\"widget\" data-widget_type=\"heading.default\">\n\t\t\t\t<div class=\"elementor-widget-container\">\n\t\t\t\t\t<h2 class=\"elementor-heading-title elementor-size-default\">\u200b\u200b\u200b\u200b\u200b\u200b\u200b\u200b\u200b\u200b\u200b\u200b\u200b\u200b\u200b\u200bMISE \u00c0 JOUR DU CALENDRIER D&#039;EXPLOITATION MINI\u00c8RE\n<\/h2>\t\t\t\t<\/div>\n\t\t\t\t<\/div>\n\t\t\t\t<div class=\"elementor-element elementor-element-37ce977 elementor-widget elementor-widget-text-editor\" data-id=\"37ce977\" data-element_type=\"widget\" data-widget_type=\"text-editor.default\">\n\t\t\t\t<div class=\"elementor-widget-container\">\n\t\t\t\t\t\t\t\t\t<p>Le dynamitage a g\u00e9n\u00e9ralement lieu les mardis et jeudis \u00e0 14 heures. Des modifications \u00e0 cet horaire peuvent survenir en raison des conditions m\u00e9t\u00e9orologiques.<\/p>\t\t\t\t\t\t\t\t<\/div>\n\t\t\t\t<\/div>\n\t\t\t\t<div class=\"elementor-element elementor-element-958b5f0 elementor-widget elementor-widget-heading\" data-id=\"958b5f0\" data-element_type=\"widget\" data-widget_type=\"heading.default\">\n\t\t\t\t<div class=\"elementor-widget-container\">\n\t\t\t\t\t<h2 class=\"elementor-heading-title elementor-size-default\">\u200bCOMIT\u00c9 DES RELATIONS COMMUNAUTAIRES DE CIMENT ST MARYS, BOWMANVILLE\n<\/h2>\t\t\t\t<\/div>\n\t\t\t\t<\/div>\n\t\t\t\t<div class=\"elementor-element elementor-element-c742e88 elementor-widget elementor-widget-text-editor\" data-id=\"c742e88\" data-element_type=\"widget\" data-widget_type=\"text-editor.default\">\n\t\t\t\t<div class=\"elementor-widget-container\">\n\t\t\t\t\t\t\t\t\t<p><a href=\"https:\/\/www.stmaryscement.com\/wp-content\/uploads\/sites\/10\/2024\/11\/CRC-Terms-of-reference-Final-Rev-2.pdf\" target=\"_blank\" rel=\"noopener\">Termes de r\u00e9f\u00e9rence<\/a><\/p><p><a href=\"https:\/\/drive.google.com\/open?id=1GrWc7BjWIZSsphHbFB01m0HHkaH1mL3I\" target=\"_blank\" rel=\"noopener\"><span style=\"color: #0066cc;\">Rapport Dillon<\/span><\/a><\/p><p><a href=\"https:\/\/www.stmaryscement.com\/wp-content\/uploads\/sites\/10\/2024\/11\/1529710-St-Marys-CRC-Meeting-06Feb2018-v4.pdf\" target=\"_blank\" rel=\"noopener\">Aper\u00e7u du dynamitage par Golder Associates<\/a><\/p><p><a href=\"https:\/\/www.stmaryscement.com\/wp-content\/uploads\/sites\/10\/2024\/11\/St-Marys-BMV-Alt-Fuel-Demo-Web-Site-Notice.pdf\" target=\"_blank\" rel=\"noopener\">Avis de projet de d\u00e9monstration de carburant alternatif<\/a><\/p><p><a href=\"https:\/\/www.stmaryscement.com\/wp-content\/uploads\/sites\/10\/2024\/11\/Second-Notice-of-Alternative-Fuel-Demonstration-Project.pdf\" target=\"_blank\" rel=\"noopener\">Deuxi\u00e8me\u00a0<span style=\"color: #0066cc;\">Avis de projet de d\u00e9monstration de carburant alternatif<\/span><\/a><\/p><p><a href=\"https:\/\/www.stmaryscement.com\/wp-content\/uploads\/sites\/10\/2024\/11\/Westside-Marsh-Emergency-Overflow-Channel-FINAL.docx.pdf\" target=\"_blank\" rel=\"noopener\">Canal de d\u00e9bordement d&#039;urgence du marais Westside<\/a><\/p><p><a href=\"https:\/\/www.stmaryscement.com\/wp-content\/uploads\/sites\/10\/2024\/11\/SMCPresentation_AirShedD_Dec03_BB.pdf\" target=\"_blank\" rel=\"noopener\">Programme de surveillance des PM<\/a>\u200b<\/p><p>\u200b<a href=\"https:\/\/www.stmaryscement.com\/wp-content\/uploads\/sites\/10\/2024\/11\/St-Marys-Canada-Wet-Scrubber.pdf\" target=\"_blank\" rel=\"noopener\">\u00c9purateur humide de Bowmanville<\/a><\/p><p><a href=\"https:\/\/www.stmaryscement.com\/wp-content\/uploads\/sites\/10\/2024\/11\/SMC-BMV-ESDM_Feb2021_Executive-Summary-and-EST.pdf\" target=\"_blank\" rel=\"noopener\">Rapport de mod\u00e9lisation de la dispersion des \u00e9missions 2021<\/a>\u200b\u200b\u200b\u200b\u200b<\/p><p><a href=\"https:\/\/www.stmaryscement.com\/wp-content\/uploads\/sites\/10\/2024\/11\/Letter-to-Mayor-Foster_Response-to-Clarington-Clear-circulation.pdf\" target=\"_blank\" rel=\"noopener\">Lettre au maire et au conseil de Clarington \u2013 R\u00e9ponse concernant Clarington Clear<\/a><\/p><p><a href=\"https:\/\/www.stmaryscement.com\/fr\/bowmanville-environment\/\">Environnement \u2014 Bowmanville<\/a><\/p><p><a href=\"https:\/\/www.stmaryscement.com\/fr\/alternative-low-carbon-fuels-project\/\">Combustibles alternatifs faibles en carbone \u2014 Projet<\/a><\/p>\t\t\t\t\t\t\t\t<\/div>\n\t\t\t\t<\/div>\n\t\t\t\t<\/div>\n\t\t\t\t\t<\/div>\n\t\t\t\t<\/div>\n\t\t<div data-particle_enable=\"false\" data-particle-mobile-disabled=\"false\" class=\"elementor-element elementor-element-0bf26e3 e-flex e-con-boxed e-con e-parent\" data-id=\"0bf26e3\" data-element_type=\"container\">\n\t\t\t\t\t<div class=\"e-con-inner\">\n\t\t<div data-particle_enable=\"false\" data-particle-mobile-disabled=\"false\" class=\"elementor-element elementor-element-05e21cc e-con-full e-flex e-con e-child\" data-id=\"05e21cc\" data-element_type=\"container\">\n\t\t\t\t<div class=\"elementor-element elementor-element-3729f27 elementor-widget-divider--view-line elementor-widget elementor-widget-divider\" data-id=\"3729f27\" data-element_type=\"widget\" data-widget_type=\"divider.default\">\n\t\t\t\t<div class=\"elementor-widget-container\">\n\t\t\t\t\t\t\t<div class=\"elementor-divider\">\n\t\t\t<span class=\"elementor-divider-separator\">\n\t\t\t\t\t\t<\/span>\n\t\t<\/div>\n\t\t\t\t\t\t<\/div>\n\t\t\t\t<\/div>\n\t\t\t\t<div class=\"elementor-element elementor-element-bdbf7d1 elementor-widget elementor-widget-heading\" data-id=\"bdbf7d1\" data-element_type=\"widget\" data-widget_type=\"heading.default\">\n\t\t\t\t<div class=\"elementor-widget-container\">\n\t\t\t\t\t<h2 class=\"elementor-heading-title elementor-size-default\">Ressources<\/h2>\t\t\t\t<\/div>\n\t\t\t\t<\/div>\n\t\t\t\t<div class=\"elementor-element elementor-element-ead9eac elementor-widget elementor-widget-text-editor\" data-id=\"ead9eac\" data-element_type=\"widget\" data-widget_type=\"text-editor.default\">\n\t\t\t\t<div class=\"elementor-widget-container\">\n\t\t\t\t\t\t\t\t\t<p><a href=\"https:\/\/www.stmaryscement.com\/fr\/about-bowmanville-community-relations-commitee\/\" data-bind=\"attr: {href: FileRef}\"><span data-bind=\"text: Title\">\u00c0 propos du Comit\u00e9 des relations communautaires de Bowmanville<\/span><\/a><\/p><p><a href=\"https:\/\/www.stmaryscement.com\/fr\/contact-us-bowmanville\/\" data-bind=\"attr: {href: FileRef}\"><span data-bind=\"text: Title\">Contactez nous.<\/span><\/a><\/p><p><a href=\"https:\/\/www.stmaryscement.com\/fr\/crc-members\/\" data-bind=\"attr: {href: FileRef}\"><span data-bind=\"text: Title\">Membres du CRC<\/span><\/a><\/p><p><a href=\"https:\/\/www.stmaryscement.com\/fr\/past-meeting-minutes\/\" data-bind=\"attr: {href: FileRef}\"><span data-bind=\"text: Title\">Proc\u00e8s-verbal des r\u00e9unions pr\u00e9c\u00e9dentes<\/span><\/a><\/p>\t\t\t\t\t\t\t\t<\/div>\n\t\t\t\t<\/div>\n\t\t\t\t<\/div>\n\t\t\t\t\t<\/div>\n\t\t\t\t<\/div>\n\t\t\t\t<\/div>","protected":false},"excerpt":{"rendered":"<p>Bowmanville Community Relations Committed to Bowmanville St. Marys Cement, Bowmanville Community Relations St. Marys,\u00a0Bowmanville endeavors to educate stakeholder groups and the community on the importance of cement and concrete in our society, and to maintain and improve relationships with neighbours and the surrounding community \u200b\u200b\u200b\u200b\u200b\u200b\u200b\u200b\u200b\u200b\u200b\u200b\u200b\u200b\u200b\u200b\u200b\u200bMINING SCHEDULE UPDATE Blasting is typically Tuesdays and Thursdays at 2pm. [&hellip;]<\/p>","protected":false},"author":1,"featured_media":0,"parent":0,"menu_order":0,"comment_status":"closed","ping_status":"closed","template":"","meta":{"_acf_changed":false,"footnotes":""},"class_list":["post-1482","page","type-page","status-publish","hentry"],"acf":[],"_links":{"self":[{"href":"https:\/\/www.stmaryscement.com\/fr\/wp-json\/wp\/v2\/pages\/1482","targetHints":{"allow":["GET"]}}],"collection":[{"href":"https:\/\/www.stmaryscement.com\/fr\/wp-json\/wp\/v2\/pages"}],"about":[{"href":"https:\/\/www.stmaryscement.com\/fr\/wp-json\/wp\/v2\/types\/page"}],"author":[{"embeddable":true,"href":"https:\/\/www.stmaryscement.com\/fr\/wp-json\/wp\/v2\/users\/1"}],"replies":[{"embeddable":true,"href":"https:\/\/www.stmaryscement.com\/fr\/wp-json\/wp\/v2\/comments?post=1482"}],"version-history":[{"count":0,"href":"https:\/\/www.stmaryscement.com\/fr\/wp-json\/wp\/v2\/pages\/1482\/revisions"}],"wp:attachment":[{"href":"https:\/\/www.stmaryscement.com\/fr\/wp-json\/wp\/v2\/media?parent=1482"}],"curies":[{"name":"wp","href":"https:\/\/api.w.org\/{rel}","templated":true}]}}