{"id":1481,"date":"2024-10-29T16:19:22","date_gmt":"2024-10-29T16:19:22","guid":{"rendered":"https:\/\/vcnastg.wpenginepowered.com\/?page_id=1481"},"modified":"2024-11-20T01:15:36","modified_gmt":"2024-11-20T01:15:36","slug":"sustainable-development","status":"publish","type":"page","link":"https:\/\/www.stmaryscement.com\/fr\/sustainable-development\/","title":{"rendered":"D\u00e9veloppement durable"},"content":{"rendered":"<div data-elementor-type=\"wp-page\" data-elementor-id=\"1481\" class=\"elementor elementor-1481\" data-elementor-post-type=\"page\">\n\t\t\t\t<div data-particle_enable=\"false\" data-particle-mobile-disabled=\"false\" class=\"elementor-element elementor-element-8b3f5ae e-con-full e-flex e-con e-parent\" data-id=\"8b3f5ae\" data-element_type=\"container\">\n\t\t<div data-particle_enable=\"false\" data-particle-mobile-disabled=\"false\" class=\"elementor-element elementor-element-d39b9e7 e-con-full e-flex e-con e-child\" data-id=\"d39b9e7\" data-element_type=\"container\" data-settings=\"{&quot;background_background&quot;:&quot;classic&quot;}\">\n\t\t<div data-particle_enable=\"false\" data-particle-mobile-disabled=\"false\" class=\"elementor-element elementor-element-554cc81 e-con-full e-flex e-con e-child\" data-id=\"554cc81\" data-element_type=\"container\">\n\t\t\t\t<div class=\"elementor-element elementor-element-4f093b9 elementor-widget elementor-widget-heading\" data-id=\"4f093b9\" data-element_type=\"widget\" data-widget_type=\"heading.default\">\n\t\t\t\t<div class=\"elementor-widget-container\">\n\t\t\t\t\t<h2 class=\"elementor-heading-title elementor-size-default\">D\u00e9veloppement durable<\/h2>\t\t\t\t<\/div>\n\t\t\t\t<\/div>\n\t\t\t\t<div class=\"elementor-element elementor-element-e4d0f9f elementor-widget elementor-widget-heading\" data-id=\"e4d0f9f\" data-element_type=\"widget\" data-widget_type=\"heading.default\">\n\t\t\t\t<div class=\"elementor-widget-container\">\n\t\t\t\t\t<h2 class=\"elementor-heading-title elementor-size-default\">Nous nous engageons \u00e0 assurer le d\u00e9veloppement durable de nos activit\u00e9s commerciales\n<\/h2>\t\t\t\t<\/div>\n\t\t\t\t<\/div>\n\t\t\t\t<\/div>\n\t\t\t\t<\/div>\n\t\t\t\t<\/div>\n\t\t<div data-particle_enable=\"false\" data-particle-mobile-disabled=\"false\" class=\"elementor-element elementor-element-a27844e e-flex e-con-boxed e-con e-parent\" data-id=\"a27844e\" data-element_type=\"container\">\n\t\t\t\t\t<div class=\"e-con-inner\">\n\t\t<div data-particle_enable=\"false\" data-particle-mobile-disabled=\"false\" class=\"elementor-element elementor-element-3f81f9e e-con-full e-flex e-con e-child\" data-id=\"3f81f9e\" data-element_type=\"container\">\n\t\t\t\t<div class=\"elementor-element elementor-element-b1de265 elementor-widget-divider--view-line elementor-widget elementor-widget-divider\" data-id=\"b1de265\" data-element_type=\"widget\" data-widget_type=\"divider.default\">\n\t\t\t\t<div class=\"elementor-widget-container\">\n\t\t\t\t\t\t\t<div class=\"elementor-divider\">\n\t\t\t<span class=\"elementor-divider-separator\">\n\t\t\t\t\t\t<\/span>\n\t\t<\/div>\n\t\t\t\t\t\t<\/div>\n\t\t\t\t<\/div>\n\t\t\t\t<div class=\"elementor-element elementor-element-2cd7f87 elementor-widget elementor-widget-heading\" data-id=\"2cd7f87\" data-element_type=\"widget\" data-widget_type=\"heading.default\">\n\t\t\t\t<div class=\"elementor-widget-container\">\n\t\t\t\t\t<h2 class=\"elementor-heading-title elementor-size-default\">St Marys Cement fait partie de Votorantim Cimentos au Br\u00e9sil, qui s&#039;engage \u00e0 d\u00e9velopper ses activit\u00e9s de mani\u00e8re durable. Trois principes d\u00e9terminent ses actions sur tous les march\u00e9s o\u00f9 elle op\u00e8re : l&#039;\u00e9volution \u00e9conomique constante, la protection constante de l&#039;environnement et le respect de toutes les parties prenantes.<\/h2>\t\t\t\t<\/div>\n\t\t\t\t<\/div>\n\t\t\t\t<div class=\"elementor-element elementor-element-1882261 elementor-widget elementor-widget-text-editor\" data-id=\"1882261\" data-element_type=\"widget\" data-widget_type=\"text-editor.default\">\n\t\t\t\t<div class=\"elementor-widget-container\">\n\t\t\t\t\t\t\t\t\t<p>\u200b\u200bCe n\u2019est qu\u2019en suivant ces principes que St Marys Cement peut continuer \u00e0 se d\u00e9velopper en tant qu\u2019entreprise de premier ordre, exer\u00e7ant ses activit\u00e9s de mani\u00e8re responsable et conform\u00e9ment aux valeurs de durabilit\u00e9, qui englobent ce que l\u2019on appelle le \u00ab triple r\u00e9sultat \u00bb \u2013 une poursuite combin\u00e9e et interd\u00e9pendante d\u2019objectifs \u00e9conomiques, environnementaux et sociaux. Ces crit\u00e8res font partie de tous les processus de prise de d\u00e9cision chez St Marys Cement.<\/p>\t\t\t\t\t\t\t\t<\/div>\n\t\t\t\t<\/div>\n\t\t\t\t<\/div>\n\t\t<div data-particle_enable=\"false\" data-particle-mobile-disabled=\"false\" class=\"elementor-element elementor-element-e49808f e-con-full e-flex e-con e-child\" data-id=\"e49808f\" data-element_type=\"container\">\n\t\t\t\t<div class=\"elementor-element elementor-element-2fb446d elementor-widget elementor-widget-image\" data-id=\"2fb446d\" data-element_type=\"widget\" data-widget_type=\"image.default\">\n\t\t\t\t<div class=\"elementor-widget-container\">\n\t\t\t\t\t\t\t\t\t\t\t\t\t\t\t<img fetchpriority=\"high\" decoding=\"async\" width=\"800\" height=\"600\" src=\"https:\/\/www.stmaryscement.com\/wp-content\/uploads\/sites\/10\/2024\/11\/StMarysChallenger.jpg\" class=\"attachment-full size-full wp-image-1890\" alt=\"\" srcset=\"https:\/\/www.stmaryscement.com\/wp-content\/uploads\/sites\/10\/2024\/11\/StMarysChallenger.jpg 800w, https:\/\/www.stmaryscement.com\/wp-content\/uploads\/sites\/10\/2024\/11\/StMarysChallenger-300x225.jpg 300w, https:\/\/www.stmaryscement.com\/wp-content\/uploads\/sites\/10\/2024\/11\/StMarysChallenger-768x576.jpg 768w, https:\/\/www.stmaryscement.com\/wp-content\/uploads\/sites\/10\/2024\/11\/StMarysChallenger-16x12.jpg 16w\" sizes=\"(max-width: 800px) 100vw, 800px\" \/>\t\t\t\t\t\t\t\t\t\t\t\t\t\t\t<\/div>\n\t\t\t\t<\/div>\n\t\t\t\t<\/div>\n\t\t\t\t\t<\/div>\n\t\t\t\t<\/div>\n\t\t<div data-particle_enable=\"false\" data-particle-mobile-disabled=\"false\" class=\"elementor-element elementor-element-552659d e-flex e-con-boxed e-con e-parent\" data-id=\"552659d\" data-element_type=\"container\" data-settings=\"{&quot;background_background&quot;:&quot;classic&quot;}\">\n\t\t\t\t\t<div class=\"e-con-inner\">\n\t\t<div data-particle_enable=\"false\" data-particle-mobile-disabled=\"false\" class=\"elementor-element elementor-element-e7474c7 e-con-full e-flex e-con e-child\" data-id=\"e7474c7\" data-element_type=\"container\">\n\t\t\t\t<div class=\"elementor-element elementor-element-7880a4d elementor-widget-divider--view-line elementor-widget elementor-widget-divider\" data-id=\"7880a4d\" data-element_type=\"widget\" data-widget_type=\"divider.default\">\n\t\t\t\t<div class=\"elementor-widget-container\">\n\t\t\t\t\t\t\t<div class=\"elementor-divider\">\n\t\t\t<span class=\"elementor-divider-separator\">\n\t\t\t\t\t\t<\/span>\n\t\t<\/div>\n\t\t\t\t\t\t<\/div>\n\t\t\t\t<\/div>\n\t\t\t\t<div class=\"elementor-element elementor-element-bcf36fa elementor-widget elementor-widget-heading\" data-id=\"bcf36fa\" data-element_type=\"widget\" data-widget_type=\"heading.default\">\n\t\t\t\t<div class=\"elementor-widget-container\">\n\t\t\t\t\t<h2 class=\"elementor-heading-title elementor-size-default\">\u00c9voluer avec la durabilit\u00e9\n<\/h2>\t\t\t\t<\/div>\n\t\t\t\t<\/div>\n\t\t\t\t<div class=\"elementor-element elementor-element-37ce977 elementor-widget elementor-widget-text-editor\" data-id=\"37ce977\" data-element_type=\"widget\" data-widget_type=\"text-editor.default\">\n\t\t\t\t<div class=\"elementor-widget-container\">\n\t\t\t\t\t\t\t\t\t<p>Pour le Groupe Votorantim, la durabilit\u00e9 signifie assurer la continuit\u00e9 des activit\u00e9s et la croissance \u00e0 long terme, ce qui implique \u00e0 son tour d&#039;anticiper les motivations des parties prenantes et de les int\u00e9grer dans les objectifs de l&#039;organisation.<\/p><p>La continuit\u00e9 et la croissance sont des enjeux de p\u00e9rennit\u00e9 et de r\u00e9sultats que seule une cr\u00e9ation de valeur coh\u00e9rente peut assurer. La particularit\u00e9 du d\u00e9veloppement durable r\u00e9side dans la cr\u00e9ation de valeur dans le respect des int\u00e9r\u00eats de toutes les parties prenantes.<\/p><p>La Charte des Principes d&#039;Affaires du Groupe exprime son engagement en faveur du d\u00e9veloppement durable :<\/p><ol><li>\u00catre reconnue par la soci\u00e9t\u00e9 comme une entreprise socialement et \u00e9cologiquement responsable<\/li><li>Faire de la durabilit\u00e9 une priorit\u00e9 essentielle dans la gouvernance, la gestion, l&#039;\u00e9ducation, la prise de d\u00e9cision et l&#039;investissement, dans le cadre de notre strat\u00e9gie de cr\u00e9ation de valeur<\/li><li>\u00c9lever constamment les performances \u00e9conomiques, sociales et environnementales \u00e0 des niveaux plus \u00e9lev\u00e9s, tout en recherchant l&#039;efficacit\u00e9 et la fiabilit\u00e9 des op\u00e9rations conform\u00e9ment aux normes de classe mondiale<\/li><li>\u00catre reconnu comme une organisation qui attire, d\u00e9veloppe et retient les talents pour cr\u00e9er de la valeur et b\u00e2tir une soci\u00e9t\u00e9 juste et inclusive<\/li><li>\u00catre engag\u00e9 pour le bien-\u00eatre, la sant\u00e9 et la s\u00e9curit\u00e9 des employ\u00e9s, des clients et des partenaires<\/li><li>Contribuer au d\u00e9veloppement des communaut\u00e9s dans lesquelles nous op\u00e9rons<\/li><li>Encourager la coop\u00e9ration et la participation des collaborateurs et de toutes les autres parties prenantes \u00e0 la construction de partenariats et de projets collaboratifs dans le but de cr\u00e9er de la valeur mutuelle.<\/li><\/ol>\t\t\t\t\t\t\t\t<\/div>\n\t\t\t\t<\/div>\n\t\t\t\t<\/div>\n\t\t\t\t\t<\/div>\n\t\t\t\t<\/div>\n\t\t\t\t<\/div>","protected":false},"excerpt":{"rendered":"<p>Sustainable Development We are committed to sustainable development of our business operations St Marys Cement is part of Votorantim Cim\u200bentos in Brazil, which is committed to sustainable development of its business operations. Three principles determine its actions in all markets in which it operates: constant economic evolution, unremitting protection of the environment, and respect for [&hellip;]<\/p>","protected":false},"author":1,"featured_media":0,"parent":0,"menu_order":0,"comment_status":"closed","ping_status":"closed","template":"","meta":{"_acf_changed":false,"footnotes":""},"class_list":["post-1481","page","type-page","status-publish","hentry"],"acf":[],"_links":{"self":[{"href":"https:\/\/www.stmaryscement.com\/fr\/wp-json\/wp\/v2\/pages\/1481","targetHints":{"allow":["GET"]}}],"collection":[{"href":"https:\/\/www.stmaryscement.com\/fr\/wp-json\/wp\/v2\/pages"}],"about":[{"href":"https:\/\/www.stmaryscement.com\/fr\/wp-json\/wp\/v2\/types\/page"}],"author":[{"embeddable":true,"href":"https:\/\/www.stmaryscement.com\/fr\/wp-json\/wp\/v2\/users\/1"}],"replies":[{"embeddable":true,"href":"https:\/\/www.stmaryscement.com\/fr\/wp-json\/wp\/v2\/comments?post=1481"}],"version-history":[{"count":0,"href":"https:\/\/www.stmaryscement.com\/fr\/wp-json\/wp\/v2\/pages\/1481\/revisions"}],"wp:attachment":[{"href":"https:\/\/www.stmaryscement.com\/fr\/wp-json\/wp\/v2\/media?parent=1481"}],"curies":[{"name":"wp","href":"https:\/\/api.w.org\/{rel}","templated":true}]}}