{"id":1476,"date":"2024-11-19T16:15:07","date_gmt":"2024-11-19T16:15:07","guid":{"rendered":"https:\/\/vcnastg.wpenginepowered.com\/?page_id=1476"},"modified":"2024-12-31T17:41:53","modified_gmt":"2024-12-31T17:41:53","slug":"environment","status":"publish","type":"page","link":"https:\/\/www.stmaryscement.com\/fr\/environment\/","title":{"rendered":"Environnement"},"content":{"rendered":"<div data-elementor-type=\"wp-page\" data-elementor-id=\"1476\" class=\"elementor elementor-1476\" data-elementor-post-type=\"page\">\n\t\t\t\t<div data-particle_enable=\"false\" data-particle-mobile-disabled=\"false\" class=\"elementor-element elementor-element-8b3f5ae e-con-full e-flex e-con e-parent\" data-id=\"8b3f5ae\" data-element_type=\"container\">\n\t\t<div data-particle_enable=\"false\" data-particle-mobile-disabled=\"false\" class=\"elementor-element elementor-element-d39b9e7 e-con-full e-flex e-con e-child\" data-id=\"d39b9e7\" data-element_type=\"container\" data-settings=\"{&quot;background_background&quot;:&quot;classic&quot;}\">\n\t\t<div data-particle_enable=\"false\" data-particle-mobile-disabled=\"false\" class=\"elementor-element elementor-element-554cc81 e-con-full e-flex e-con e-child\" data-id=\"554cc81\" data-element_type=\"container\">\n\t\t\t\t<div class=\"elementor-element elementor-element-4f093b9 elementor-widget elementor-widget-heading\" data-id=\"4f093b9\" data-element_type=\"widget\" data-widget_type=\"heading.default\">\n\t\t\t\t<div class=\"elementor-widget-container\">\n\t\t\t\t\t<h2 class=\"elementor-heading-title elementor-size-default\">Environnement<\/h2>\t\t\t\t<\/div>\n\t\t\t\t<\/div>\n\t\t\t\t<div class=\"elementor-element elementor-element-e4d0f9f elementor-widget elementor-widget-heading\" data-id=\"e4d0f9f\" data-element_type=\"widget\" data-widget_type=\"heading.default\">\n\t\t\t\t<div class=\"elementor-widget-container\">\n\t\t\t\t\t<h2 class=\"elementor-heading-title elementor-size-default\">Nous nous engageons \u00e0 produire des produits de mani\u00e8re responsable sur le plan environnemental et social.\n<\/h2>\t\t\t\t<\/div>\n\t\t\t\t<\/div>\n\t\t\t\t<\/div>\n\t\t\t\t<\/div>\n\t\t\t\t<\/div>\n\t\t<div data-particle_enable=\"false\" data-particle-mobile-disabled=\"false\" class=\"elementor-element elementor-element-b44221e e-flex e-con-boxed e-con e-parent\" data-id=\"b44221e\" data-element_type=\"container\">\n\t\t\t\t\t<div class=\"e-con-inner\">\n\t\t<div data-particle_enable=\"false\" data-particle-mobile-disabled=\"false\" class=\"elementor-element elementor-element-607da0b e-con-full e-flex e-con e-child\" data-id=\"607da0b\" data-element_type=\"container\">\n\t\t\t\t<div class=\"elementor-element elementor-element-4f80f46 elementor-widget elementor-widget-heading\" data-id=\"4f80f46\" data-element_type=\"widget\" data-widget_type=\"heading.default\">\n\t\t\t\t<div class=\"elementor-widget-container\">\n\t\t\t\t\t<p class=\"elementor-heading-title elementor-size-default\">En tant que membre important de la communaut\u00e9 \u2014 employeur, investisseur et voisin \u2014 Ciment St Marys s'engage \u00e0 produire des produits de mani\u00e8re responsable sur le plan environnemental et social. Notre succ\u00e8s repose sur notre lien avec la communaut\u00e9 et sur la promotion de la responsabilit\u00e9 environnementale, en encourageant les technologies qui ne nuisent pas \u00e0 l'environnement.\n\n<\/p>\t\t\t\t<\/div>\n\t\t\t\t<\/div>\n\t\t\t\t<\/div>\n\t\t<div data-particle_enable=\"false\" data-particle-mobile-disabled=\"false\" class=\"elementor-element elementor-element-c7eec92 e-con-full e-flex e-con e-child\" data-id=\"c7eec92\" data-element_type=\"container\">\n\t\t\t\t<div class=\"elementor-element elementor-element-b9f64c6 elementor-widget elementor-widget-image\" data-id=\"b9f64c6\" data-element_type=\"widget\" data-widget_type=\"image.default\">\n\t\t\t\t<div class=\"elementor-widget-container\">\n\t\t\t\t\t\t\t\t\t\t\t\t\t\t\t<img fetchpriority=\"high\" decoding=\"async\" width=\"750\" height=\"500\" src=\"https:\/\/www.stmaryscement.com\/wp-content\/uploads\/sites\/10\/2024\/11\/14.jpg\" class=\"attachment-full size-full wp-image-1554\" alt=\"\" srcset=\"https:\/\/www.stmaryscement.com\/wp-content\/uploads\/sites\/10\/2024\/11\/14.jpg 750w, https:\/\/www.stmaryscement.com\/wp-content\/uploads\/sites\/10\/2024\/11\/14-300x200.jpg 300w, https:\/\/www.stmaryscement.com\/wp-content\/uploads\/sites\/10\/2024\/11\/14-18x12.jpg 18w\" sizes=\"(max-width: 750px) 100vw, 750px\" \/>\t\t\t\t\t\t\t\t\t\t\t\t\t\t\t<\/div>\n\t\t\t\t<\/div>\n\t\t\t\t<\/div>\n\t\t\t\t\t<\/div>\n\t\t\t\t<\/div>\n\t\t<div data-particle_enable=\"false\" data-particle-mobile-disabled=\"false\" class=\"elementor-element elementor-element-82d94c6 e-flex e-con-boxed e-con e-parent\" data-id=\"82d94c6\" data-element_type=\"container\">\n\t\t\t\t\t<div class=\"e-con-inner\">\n\t\t<div data-particle_enable=\"false\" data-particle-mobile-disabled=\"false\" class=\"elementor-element elementor-element-93d928d e-con-full e-flex e-con e-child\" data-id=\"93d928d\" data-element_type=\"container\">\n\t\t\t\t<div class=\"elementor-element elementor-element-a87d477 elementor-widget elementor-widget-heading\" data-id=\"a87d477\" data-element_type=\"widget\" data-widget_type=\"heading.default\">\n\t\t\t\t<div class=\"elementor-widget-container\">\n\t\t\t\t\t<h2 class=\"elementor-heading-title elementor-size-default\">\u200b\u200b\u200b\u200bExcellents produits et excellence environnementale\n<\/h2>\t\t\t\t<\/div>\n\t\t\t\t<\/div>\n\t\t\t\t<div class=\"elementor-element elementor-element-63b4e21 elementor-icon-list--layout-traditional elementor-list-item-link-full_width elementor-widget elementor-widget-icon-list\" data-id=\"63b4e21\" data-element_type=\"widget\" data-widget_type=\"icon-list.default\">\n\t\t\t\t<div class=\"elementor-widget-container\">\n\t\t\t\t\t\t\t<ul class=\"elementor-icon-list-items\">\n\t\t\t\t\t\t\t<li class=\"elementor-icon-list-item\">\n\t\t\t\t\t\t\t\t\t\t\t<span class=\"elementor-icon-list-icon\">\n\t\t\t\t\t\t\t<i aria-hidden=\"true\" class=\"fas fa-circle\"><\/i>\t\t\t\t\t\t<\/span>\n\t\t\t\t\t\t\t\t\t\t<span class=\"elementor-icon-list-text\">St Marys participe activement \u00e0 l\u2019\u00e9laboration et \u00e0 la cr\u00e9ation de lois, de r\u00e9glementations et de politiques environnementales responsables.<\/span>\n\t\t\t\t\t\t\t\t\t<\/li>\n\t\t\t\t\t\t\t\t<li class=\"elementor-icon-list-item\">\n\t\t\t\t\t\t\t\t\t\t\t<span class=\"elementor-icon-list-icon\">\n\t\t\t\t\t\t\t<i aria-hidden=\"true\" class=\"fas fa-circle\"><\/i>\t\t\t\t\t\t<\/span>\n\t\t\t\t\t\t\t\t\t\t<span class=\"elementor-icon-list-text\">L&#039;entreprise s&#039;int\u00e9resse aux pr\u00e9occupations environnementales et promeut la sensibilisation \u00e0 l&#039;environnement par le biais de formations, de proc\u00e9dures et de programmes cibl\u00e9s pour les employ\u00e9s. Les employ\u00e9s sont encourag\u00e9s \u00e0 s&#039;engager dans une am\u00e9lioration continue de leur performance environnementale.<\/span>\n\t\t\t\t\t\t\t\t\t<\/li>\n\t\t\t\t\t\t\t\t<li class=\"elementor-icon-list-item\">\n\t\t\t\t\t\t\t\t\t\t\t<span class=\"elementor-icon-list-icon\">\n\t\t\t\t\t\t\t<i aria-hidden=\"true\" class=\"fas fa-circle\"><\/i>\t\t\t\t\t\t<\/span>\n\t\t\t\t\t\t\t\t\t\t<span class=\"elementor-icon-list-text\">Des professionnels de l\u2019environnement sont employ\u00e9s pour guider et accompagner l\u2019entreprise dans ses activit\u00e9s et sa performance environnementale.<\/span>\n\t\t\t\t\t\t\t\t\t<\/li>\n\t\t\t\t\t\t<\/ul>\n\t\t\t\t\t\t<\/div>\n\t\t\t\t<\/div>\n\t\t\t\t<div class=\"elementor-element elementor-element-ea4ae12 elementor-widget elementor-widget-text-editor\" data-id=\"ea4ae12\" data-element_type=\"widget\" data-widget_type=\"text-editor.default\">\n\t\t\t\t<div class=\"elementor-widget-container\">\n\t\t\t\t\t\t\t\t\t<p>En recherchant l'\u00e9quilibre environnemental et l'\u00e9co-efficacit\u00e9 par l'utilisation responsable des ressources, l'\u00e9ducation et la sensibilisation, ainsi que la diffusion des connaissances et des meilleures pratiques, Ciment St Marys donne la priorit\u00e9 aux fronts suivants :<\/p>\t\t\t\t\t\t\t\t<\/div>\n\t\t\t\t<\/div>\n\t\t\t\t<div class=\"elementor-element elementor-element-0e756a1 elementor-icon-list--layout-traditional elementor-list-item-link-full_width elementor-widget elementor-widget-icon-list\" data-id=\"0e756a1\" data-element_type=\"widget\" data-widget_type=\"icon-list.default\">\n\t\t\t\t<div class=\"elementor-widget-container\">\n\t\t\t\t\t\t\t<ul class=\"elementor-icon-list-items\">\n\t\t\t\t\t\t\t<li class=\"elementor-icon-list-item\">\n\t\t\t\t\t\t\t\t\t\t\t<span class=\"elementor-icon-list-icon\">\n\t\t\t\t\t\t\t<i aria-hidden=\"true\" class=\"fas fa-circle\"><\/i>\t\t\t\t\t\t<\/span>\n\t\t\t\t\t\t\t\t\t\t<span class=\"elementor-icon-list-text\"><b>\u00c9nergie<\/b> \u2013 optimisation et encouragement de l\u2019utilisation des \u00e9nergies renouvelables<\/span>\n\t\t\t\t\t\t\t\t\t<\/li>\n\t\t\t\t\t\t\t\t<li class=\"elementor-icon-list-item\">\n\t\t\t\t\t\t\t\t\t\t\t<span class=\"elementor-icon-list-icon\">\n\t\t\t\t\t\t\t<i aria-hidden=\"true\" class=\"fas fa-circle\"><\/i>\t\t\t\t\t\t<\/span>\n\t\t\t\t\t\t\t\t\t\t<span class=\"elementor-icon-list-text\"><b>Eau<\/b> \u2013 consommation r\u00e9duite, utilisation rationnelle, recyclage, tra\u00e7abilit\u00e9 de la source et de l\u2019\u00e9limination<\/span>\n\t\t\t\t\t\t\t\t\t<\/li>\n\t\t\t\t\t\t\t\t<li class=\"elementor-icon-list-item\">\n\t\t\t\t\t\t\t\t\t\t\t<span class=\"elementor-icon-list-icon\">\n\t\t\t\t\t\t\t<i aria-hidden=\"true\" class=\"fas fa-circle\"><\/i>\t\t\t\t\t\t<\/span>\n\t\t\t\t\t\t\t\t\t\t<span class=\"elementor-icon-list-text\"><b>\u00c9missions<\/b> \u2013 suivi des conditions actuelles et de l\u2019\u00e9volution technologique pour r\u00e9duire les \u00e9missions<\/span>\n\t\t\t\t\t\t\t\t\t<\/li>\n\t\t\t\t\t\t\t\t<li class=\"elementor-icon-list-item\">\n\t\t\t\t\t\t\t\t\t\t\t<span class=\"elementor-icon-list-icon\">\n\t\t\t\t\t\t\t<i aria-hidden=\"true\" class=\"fas fa-circle\"><\/i>\t\t\t\t\t\t<\/span>\n\t\t\t\t\t\t\t\t\t\t<span class=\"elementor-icon-list-text\"><b>Mat\u00e9riaux<\/b> \u2013 \u00e9volution technologique visant \u00e0 r\u00e9duire l\u2019utilisation de mat\u00e9riaux et la production de d\u00e9chets, en garantissant la faisabilit\u00e9 du recyclage<\/span>\n\t\t\t\t\t\t\t\t\t<\/li>\n\t\t\t\t\t\t\t\t<li class=\"elementor-icon-list-item\">\n\t\t\t\t\t\t\t\t\t\t\t<span class=\"elementor-icon-list-icon\">\n\t\t\t\t\t\t\t<i aria-hidden=\"true\" class=\"fas fa-circle\"><\/i>\t\t\t\t\t\t<\/span>\n\t\t\t\t\t\t\t\t\t\t<span class=\"elementor-icon-list-text\"><b>Biodiversit\u00e9<\/b> \u2013 la conservation de la biodiversit\u00e9 dans les zones o\u00f9 nous op\u00e9rons<\/span>\n\t\t\t\t\t\t\t\t\t<\/li>\n\t\t\t\t\t\t\t\t<li class=\"elementor-icon-list-item\">\n\t\t\t\t\t\t\t\t\t\t\t<span class=\"elementor-icon-list-icon\">\n\t\t\t\t\t\t\t<i aria-hidden=\"true\" class=\"fas fa-circle\"><\/i>\t\t\t\t\t\t<\/span>\n\t\t\t\t\t\t\t\t\t\t<span class=\"elementor-icon-list-text\"><b>Processus<\/b> \u2013 des solutions, des produits et des services durables au moindre co\u00fbt, avec la plus grande efficacit\u00e9 \u00e9conomique et environnementale possible, et avec l\u2019innovation comme base d\u2019inspiration et de diff\u00e9renciation<\/span>\n\t\t\t\t\t\t\t\t\t<\/li>\n\t\t\t\t\t\t\t\t<li class=\"elementor-icon-list-item\">\n\t\t\t\t\t\t\t\t\t\t\t<span class=\"elementor-icon-list-icon\">\n\t\t\t\t\t\t\t<i aria-hidden=\"true\" class=\"fas fa-circle\"><\/i>\t\t\t\t\t\t<\/span>\n\t\t\t\t\t\t\t\t\t\t<span class=\"elementor-icon-list-text\"><b>Op\u00e9rations<\/b> \u2013 des normes de classe mondiale et des meilleures pratiques en mati\u00e8re de durabilit\u00e9 comme objectifs pour ajuster les op\u00e9rations existantes et des lignes directrices pour les nouveaux investissements<\/span>\n\t\t\t\t\t\t\t\t\t<\/li>\n\t\t\t\t\t\t<\/ul>\n\t\t\t\t\t\t<\/div>\n\t\t\t\t<\/div>\n\t\t\t\t<div class=\"elementor-element elementor-element-f10a82f elementor-widget elementor-widget-text-editor\" data-id=\"f10a82f\" data-element_type=\"widget\" data-widget_type=\"text-editor.default\">\n\t\t\t\t<div class=\"elementor-widget-container\">\n\t\t\t\t\t\t\t\t\t<p>En 1999, dix des plus grandes entreprises mondiales de ciment, dont Votorantim Cimentos, se sont regroup\u00e9es pour former la Cement Sustainability Initiative (CSI), un groupe cr\u00e9\u00e9 pour promouvoir le d\u00e9veloppement durable de l&#039;industrie du ciment. La CSI a \u00e9t\u00e9 d\u00e9velopp\u00e9e en partenariat avec le World Business Council for Sustainable Development (WBCSD), une organisation qui promeut la durabilit\u00e9 dans les entreprises dans 30 pays. De tous les secteurs industriels affili\u00e9s au WBCSD, l&#039;industrie du ciment a \u00e9t\u00e9 la premi\u00e8re \u00e0 adopter de son propre chef une s\u00e9rie d&#039;initiatives visant \u00e0 r\u00e9duire les \u00e9missions de CO2 par des activit\u00e9s conjointes et individuelles. Trois ans apr\u00e8s sa cr\u00e9ation, le groupe a lanc\u00e9 l&#039;Agenda pour l&#039;action, qui d\u00e9finissait les objectifs et les engagements de l&#039;industrie pour compenser et att\u00e9nuer son impact sur l&#039;environnement.<\/p><p>Le plan d&#039;action pr\u00e9voit un d\u00e9lai de 20 ans pour la r\u00e9alisation des objectifs fix\u00e9s en 2002, avec des rapports d&#039;avancement quinquennaux sur les initiatives convenues. Certaines activit\u00e9s, comme le suivi et la r\u00e9duction des \u00e9missions de CO2, feront toutefois l&#039;objet d&#039;un rapport annuel. L&#039;un des engagements pris par les entreprises membres du CSI \u00e9tait de rendre compte de leurs r\u00e9sultats en 2006.<\/p><p>L&#039;une des propositions principales du CSI est de diffuser les meilleures pratiques de chacun de ses signataires. Outre les 10 fondateurs, 15 nouveaux membres ont rejoint le mouvement ces derni\u00e8res ann\u00e9es. Collectivement, ces entreprises repr\u00e9sentent environ 30% de la production mondiale de ciment et leur taille varie de la multinationale \u00e0 la petite production locale.<\/p>\t\t\t\t\t\t\t\t<\/div>\n\t\t\t\t<\/div>\n\t\t<div data-particle_enable=\"false\" data-particle-mobile-disabled=\"false\" class=\"elementor-element elementor-element-4432235 e-con-full e-flex e-con e-child\" data-id=\"4432235\" data-element_type=\"container\">\n\t\t\t\t<div class=\"elementor-element elementor-element-2635160 elementor-widget elementor-widget-heading\" data-id=\"2635160\" data-element_type=\"widget\" data-widget_type=\"heading.default\">\n\t\t\t\t<div class=\"elementor-widget-container\">\n\t\t\t\t\t<h2 class=\"elementor-heading-title elementor-size-default\">En savoir plus sur\n<\/h2>\t\t\t\t<\/div>\n\t\t\t\t<\/div>\n\t\t\t\t<div class=\"elementor-element elementor-element-7ef32e7 elementor-widget elementor-widget-text-editor\" data-id=\"7ef32e7\" data-element_type=\"widget\" data-widget_type=\"text-editor.default\">\n\t\t\t\t<div class=\"elementor-widget-container\">\n\t\t\t\t\t\t\t\t\t<table class=\"table table-condensed\"><tbody data-bind=\"foreach: Items\"><tr><td><a href=\"https:\/\/www.stmaryscement.com\/fr\/climate-protection\/\"><span data-bind=\"text: Title\">Protection du climat<\/span><\/a><\/td><\/tr><tr><td><a href=\"https:\/\/www.stmaryscement.com\/fr\/fuels-and-materials\/\"><span data-bind=\"text: Title\">Combustibles et mat\u00e9riaux<\/span><\/a><\/td><\/tr><tr><td><a href=\"https:\/\/www.stmaryscement.com\/fr\/emissions-monitoring\/\"><span data-bind=\"text: Title\">Surveillance des \u00e9missions<\/span><\/a><\/td><\/tr><tr><td><a href=\"https:\/\/www.stmaryscement.com\/fr\/local-impacts\/\"><span data-bind=\"text: Title\">Impacts locaux<\/span><\/a><\/td><\/tr><tr><td><a href=\"https:\/\/www.stmaryscement.com\/fr\/reporting-and-communications\/\"><span data-bind=\"text: Title\">Rapports et communications<\/span><\/a><\/td><\/tr><tr><td><a href=\"https:\/\/www.stmaryscement.com\/fr\/leed\/\"><span data-bind=\"text: Title\">Certification LEED<\/span><\/a><\/td><\/tr><tr><td><a href=\"https:\/\/www.stmaryscement.com\/fr\/recognition-and-awards\/\"><span data-bind=\"text: Title\">Reconnaissance et r\u00e9compenses<\/span><\/a><\/td><\/tr><tr><td><a href=\"https:\/\/www.stmaryscement.com\/fr\/mit-concrete-sustainability-hub\/\" data-bind=\"attr: {href: FileRef}\"><span data-bind=\"text: Title\">Centre de recherche sur la durabilit\u00e9 du b\u00e9ton du MIT<\/span><\/a><\/td><\/tr><tr><td><a href=\"https:\/\/www.stmaryscement.com\/fr\/alternative-low-carbon-fuels-project\/\"><span data-bind=\"text: Title\">Combustibles alternatifs faibles en carbone \u2014 Projet<\/span><\/a><\/td><\/tr><tr><td><a href=\"https:\/\/www.stmaryscement.com\/fr\/toxic-substance-reporting\/\" data-bind=\"attr: {href: FileRef}\"><span data-bind=\"text: Title\">D\u00e9claration de substances toxiques<\/span><\/a><\/td><\/tr><\/tbody><\/table>\t\t\t\t\t\t\t\t<\/div>\n\t\t\t\t<\/div>\n\t\t\t\t<\/div>\n\t\t\t\t<\/div>\n\t\t\t\t\t<\/div>\n\t\t\t\t<\/div>\n\t\t\t\t<\/div>","protected":false},"excerpt":{"rendered":"<p>Environment We are committed to producing products in an environmentally and socially responsible manner. As an important member of the community: an employer, investor, and neighbour, St Marys Cement is committed to producing products in an environmentally and socially responsible manner. Our success is based on our connection with the community and promoting environmental responsibility, [&hellip;]<\/p>","protected":false},"author":1,"featured_media":0,"parent":0,"menu_order":0,"comment_status":"closed","ping_status":"closed","template":"","meta":{"_acf_changed":false,"footnotes":""},"class_list":["post-1476","page","type-page","status-publish","hentry"],"acf":[],"_links":{"self":[{"href":"https:\/\/www.stmaryscement.com\/fr\/wp-json\/wp\/v2\/pages\/1476","targetHints":{"allow":["GET"]}}],"collection":[{"href":"https:\/\/www.stmaryscement.com\/fr\/wp-json\/wp\/v2\/pages"}],"about":[{"href":"https:\/\/www.stmaryscement.com\/fr\/wp-json\/wp\/v2\/types\/page"}],"author":[{"embeddable":true,"href":"https:\/\/www.stmaryscement.com\/fr\/wp-json\/wp\/v2\/users\/1"}],"replies":[{"embeddable":true,"href":"https:\/\/www.stmaryscement.com\/fr\/wp-json\/wp\/v2\/comments?post=1476"}],"version-history":[{"count":0,"href":"https:\/\/www.stmaryscement.com\/fr\/wp-json\/wp\/v2\/pages\/1476\/revisions"}],"wp:attachment":[{"href":"https:\/\/www.stmaryscement.com\/fr\/wp-json\/wp\/v2\/media?parent=1476"}],"curies":[{"name":"wp","href":"https:\/\/api.w.org\/{rel}","templated":true}]}}