{"id":1256,"date":"2024-11-19T18:23:05","date_gmt":"2024-11-19T18:23:05","guid":{"rendered":"https:\/\/vcnastg.wpenginepowered.com\/?page_id=1256"},"modified":"2025-12-22T16:15:28","modified_gmt":"2025-12-22T16:15:28","slug":"sustainability-commitments","status":"publish","type":"page","link":"https:\/\/www.stmaryscement.com\/fr\/sustainability-commitments\/","title":{"rendered":"Sustainability Commitments"},"content":{"rendered":"<div data-elementor-type=\"wp-page\" data-elementor-id=\"1256\" class=\"elementor elementor-1256\" data-elementor-post-type=\"page\">\n\t\t\t\t<div data-particle_enable=\"false\" data-particle-mobile-disabled=\"false\" class=\"elementor-element elementor-element-8b3f5ae e-con-full e-flex e-con e-parent\" data-id=\"8b3f5ae\" data-element_type=\"container\">\n\t\t<div data-particle_enable=\"false\" data-particle-mobile-disabled=\"false\" class=\"elementor-element elementor-element-d39b9e7 e-con-full e-flex e-con e-child\" data-id=\"d39b9e7\" data-element_type=\"container\" data-settings=\"{&quot;background_background&quot;:&quot;classic&quot;}\">\n\t\t<div data-particle_enable=\"false\" data-particle-mobile-disabled=\"false\" class=\"elementor-element elementor-element-554cc81 e-con-full e-flex e-con e-child\" data-id=\"554cc81\" data-element_type=\"container\">\n\t\t\t\t<div class=\"elementor-element elementor-element-4f093b9 elementor-widget elementor-widget-heading\" data-id=\"4f093b9\" data-element_type=\"widget\" data-widget_type=\"heading.default\">\n\t\t\t\t<div class=\"elementor-widget-container\">\n\t\t\t\t\t<h2 class=\"elementor-heading-title elementor-size-default\">Notre engagement<\/h2>\t\t\t\t<\/div>\n\t\t\t\t<\/div>\n\t\t\t\t<\/div>\n\t\t\t\t<\/div>\n\t\t\t\t<\/div>\n\t\t<div data-particle_enable=\"false\" data-particle-mobile-disabled=\"false\" class=\"elementor-element elementor-element-a27844e e-flex e-con-boxed e-con e-parent\" data-id=\"a27844e\" data-element_type=\"container\">\n\t\t\t\t\t<div class=\"e-con-inner\">\n\t\t<div data-particle_enable=\"false\" data-particle-mobile-disabled=\"false\" class=\"elementor-element elementor-element-e49808f e-con-full e-flex e-con e-child\" data-id=\"e49808f\" data-element_type=\"container\">\n\t\t\t\t<div class=\"elementor-element elementor-element-2fb446d elementor-widget elementor-widget-image\" data-id=\"2fb446d\" data-element_type=\"widget\" data-widget_type=\"image.default\">\n\t\t\t\t<div class=\"elementor-widget-container\">\n\t\t\t\t\t\t\t\t\t\t\t\t\t\t\t<img fetchpriority=\"high\" decoding=\"async\" width=\"648\" height=\"480\" src=\"https:\/\/www.stmaryscement.com\/wp-content\/uploads\/sites\/10\/2024\/10\/sustainability.jpeg\" class=\"attachment-full size-full wp-image-1361\" alt=\"\" srcset=\"https:\/\/www.stmaryscement.com\/wp-content\/uploads\/sites\/10\/2024\/10\/sustainability.jpeg 648w, https:\/\/www.stmaryscement.com\/wp-content\/uploads\/sites\/10\/2024\/10\/sustainability-300x222.jpeg 300w, https:\/\/www.stmaryscement.com\/wp-content\/uploads\/sites\/10\/2024\/10\/sustainability-16x12.jpeg 16w\" sizes=\"(max-width: 648px) 100vw, 648px\" \/>\t\t\t\t\t\t\t\t\t\t\t\t\t\t\t<\/div>\n\t\t\t\t<\/div>\n\t\t\t\t<\/div>\n\t\t<div data-particle_enable=\"false\" data-particle-mobile-disabled=\"false\" class=\"elementor-element elementor-element-3f81f9e e-con-full e-flex e-con e-child\" data-id=\"3f81f9e\" data-element_type=\"container\">\n\t\t\t\t<div class=\"elementor-element elementor-element-2cd7f87 elementor-widget elementor-widget-heading\" data-id=\"2cd7f87\" data-element_type=\"widget\" data-widget_type=\"heading.default\">\n\t\t\t\t<div class=\"elementor-widget-container\">\n\t\t\t\t\t<h2 class=\"elementor-heading-title elementor-size-default\">Engag\u00e9 envers l'environnement<\/h2>\t\t\t\t<\/div>\n\t\t\t\t<\/div>\n\t\t\t\t<div class=\"elementor-element elementor-element-1882261 elementor-widget elementor-widget-text-editor\" data-id=\"1882261\" data-element_type=\"widget\" data-widget_type=\"text-editor.default\">\n\t\t\t\t<div class=\"elementor-widget-container\">\n\t\t\t\t\t\t\t\t\tPour notre entreprise, la durabilit\u00e9 signifie servir nos clients et d\u00e9velopper nos affaires, tout en respectant les besoins actuels et futurs de l'environnement, de la soci\u00e9t\u00e9 et des communaut\u00e9s o\u00f9 nous exer\u00e7ons nos activit\u00e9s. Nous y parvenons en recherchant, en d\u00e9veloppant et en utilisant des processus \u00e9co-efficaces et des mat\u00e9riaux de pointe, tout en fournissant des produits et un soutien de classe mondiale \u00e0 l'industrie de la construction nord-am\u00e9ricaine.\n\n\t\t\t\t\t\t\t\t<\/div>\n\t\t\t\t<\/div>\n\t\t\t\t<\/div>\n\t\t\t\t\t<\/div>\n\t\t\t\t<\/div>\n\t\t<div data-particle_enable=\"false\" data-particle-mobile-disabled=\"false\" class=\"elementor-element elementor-element-630826f e-flex e-con-boxed e-con e-parent\" data-id=\"630826f\" data-element_type=\"container\">\n\t\t\t\t\t<div class=\"e-con-inner\">\n\t\t\t\t<div class=\"elementor-element elementor-element-ad2c5b0 elementor-widget elementor-widget-heading\" data-id=\"ad2c5b0\" data-element_type=\"widget\" data-widget_type=\"heading.default\">\n\t\t\t\t<div class=\"elementor-widget-container\">\n\t\t\t\t\t<h2 class=\"elementor-heading-title elementor-size-default\">Engag\u00e9 envers l'environnement<\/h2>\t\t\t\t<\/div>\n\t\t\t\t<\/div>\n\t\t\t\t<div class=\"elementor-element elementor-element-03e4a29 elementor-widget elementor-widget-text-editor\" data-id=\"03e4a29\" data-element_type=\"widget\" data-widget_type=\"text-editor.default\">\n\t\t\t\t<div class=\"elementor-widget-container\">\n\t\t\t\t\t\t\t\t\t<h3>S\u00e9curit\u00e9<\/h3><p>Votorantim Cimentos et ses op\u00e9rations nord-am\u00e9ricaines partagent un engagement \u00e0 promouvoir et \u00e0 maintenir un environnement de travail s\u00fbr pour nos employ\u00e9s et les communaut\u00e9s o\u00f9 nous op\u00e9rons, en mettant l'accent sur la s\u00e9curit\u00e9 avant la productivit\u00e9 et la rentabilit\u00e9.<\/p><h3>Engagement communautaire<\/h3><p>Nous sommes un moteur \u00e9conomique vital et un participant actif au sein de nos communaut\u00e9s. Nous nous engageons \u00e0 soutenir les causes locales et \u00e0 am\u00e9liorer notre dialogue avec les parties prenantes, tout en favorisant une meilleure qualit\u00e9 de vie qui cr\u00e9e un environnement op\u00e9rationnel plus transparent, collaboratif et propice aux affaires.<\/p><h3>\u00c9thique et conformit\u00e9<\/h3><p>Nous maintenons un engagement ferme et durable \u00e0 op\u00e9rer de mani\u00e8re \u00e9thique et conform\u00e9ment aux lois, normes et r\u00e9glementations. Nous encourageons nos employ\u00e9s \u00e0 participer au d\u00e9veloppement de cette culture pour garantir qu'en tant qu'entreprise, nous maintenons des niveaux \u00e9lev\u00e9s d'int\u00e9grit\u00e9 et de conformit\u00e9.<\/p><h3>Eco-efficacit\u00e9 et innovation<\/h3><p>\u200bWe believe that cement, concrete and aggregates production requires a commitment to improving natural resource allocation, controlling emissions and reducing waste. The company invests in R&amp;D to develop new technologies and improve existing ones to promote eco-efficiency in our processes and products, protect water sources and help preserve biodiversity.\u00a0<\/p>\t\t\t\t\t\t\t\t<\/div>\n\t\t\t\t<\/div>\n\t\t\t\t\t<\/div>\n\t\t\t\t<\/div>\n\t\t\t\t<\/div>","protected":false},"excerpt":{"rendered":"<p>Our Commitment Committed to the Environment For our business, sustainability means serving customers and growing the business, while respecting the current and future needs of the environment, society, and the communities where we operate. We achieve this by researching, developing, and using eco-efficient processes and advanced materials, as we provide world-class products and support for [&hellip;]<\/p>","protected":false},"author":1,"featured_media":0,"parent":0,"menu_order":0,"comment_status":"closed","ping_status":"closed","template":"","meta":{"_acf_changed":false,"footnotes":""},"class_list":["post-1256","page","type-page","status-publish","hentry"],"acf":[],"_links":{"self":[{"href":"https:\/\/www.stmaryscement.com\/fr\/wp-json\/wp\/v2\/pages\/1256","targetHints":{"allow":["GET"]}}],"collection":[{"href":"https:\/\/www.stmaryscement.com\/fr\/wp-json\/wp\/v2\/pages"}],"about":[{"href":"https:\/\/www.stmaryscement.com\/fr\/wp-json\/wp\/v2\/types\/page"}],"author":[{"embeddable":true,"href":"https:\/\/www.stmaryscement.com\/fr\/wp-json\/wp\/v2\/users\/1"}],"replies":[{"embeddable":true,"href":"https:\/\/www.stmaryscement.com\/fr\/wp-json\/wp\/v2\/comments?post=1256"}],"version-history":[{"count":0,"href":"https:\/\/www.stmaryscement.com\/fr\/wp-json\/wp\/v2\/pages\/1256\/revisions"}],"wp:attachment":[{"href":"https:\/\/www.stmaryscement.com\/fr\/wp-json\/wp\/v2\/media?parent=1256"}],"curies":[{"name":"wp","href":"https:\/\/api.w.org\/{rel}","templated":true}]}}