{"id":1254,"date":"2024-10-22T18:23:27","date_gmt":"2024-10-22T18:23:27","guid":{"rendered":"https:\/\/vcnastg.wpenginepowered.com\/?page_id=1254"},"modified":"2024-11-06T21:31:51","modified_gmt":"2024-11-06T21:31:51","slug":"environmental-product-declaration-dixon-site","status":"publish","type":"page","link":"https:\/\/www.stmaryscement.com\/fr\/environmental-product-declaration-dixon-site\/","title":{"rendered":"Environmental Product Declaration \/ Dixon Site"},"content":{"rendered":"<div data-elementor-type=\"wp-page\" data-elementor-id=\"1254\" class=\"elementor elementor-1254\" data-elementor-post-type=\"page\">\n\t\t\t\t<div data-particle_enable=\"false\" data-particle-mobile-disabled=\"false\" class=\"elementor-element elementor-element-8b3f5ae e-con-full e-flex e-con e-parent\" data-id=\"8b3f5ae\" data-element_type=\"container\">\n\t\t<div data-particle_enable=\"false\" data-particle-mobile-disabled=\"false\" class=\"elementor-element elementor-element-d39b9e7 e-con-full e-flex e-con e-child\" data-id=\"d39b9e7\" data-element_type=\"container\" data-settings=\"{&quot;background_background&quot;:&quot;classic&quot;}\">\n\t\t<div data-particle_enable=\"false\" data-particle-mobile-disabled=\"false\" class=\"elementor-element elementor-element-554cc81 e-con-full e-flex e-con e-child\" data-id=\"554cc81\" data-element_type=\"container\">\n\t\t\t\t<div class=\"elementor-element elementor-element-4f093b9 elementor-widget elementor-widget-heading\" data-id=\"4f093b9\" data-element_type=\"widget\" data-widget_type=\"heading.default\">\n\t\t\t\t<div class=\"elementor-widget-container\">\n\t\t\t\t\t<h2 class=\"elementor-heading-title elementor-size-default\">D\u00e9claration Environnementale De Produit<\/h2>\t\t\t\t<\/div>\n\t\t\t\t<\/div>\n\t\t\t\t<\/div>\n\t\t\t\t<\/div>\n\t\t\t\t<\/div>\n\t\t<div data-particle_enable=\"false\" data-particle-mobile-disabled=\"false\" class=\"elementor-element elementor-element-a27844e e-flex e-con-boxed e-con e-parent\" data-id=\"a27844e\" data-element_type=\"container\">\n\t\t\t\t\t<div class=\"e-con-inner\">\n\t\t<div data-particle_enable=\"false\" data-particle-mobile-disabled=\"false\" class=\"elementor-element elementor-element-e49808f e-con-full e-flex e-con e-child\" data-id=\"e49808f\" data-element_type=\"container\">\n\t\t\t\t<div class=\"elementor-element elementor-element-2fb446d elementor-widget elementor-widget-image\" data-id=\"2fb446d\" data-element_type=\"widget\" data-widget_type=\"image.default\">\n\t\t\t\t<div class=\"elementor-widget-container\">\n\t\t\t\t\t\t\t\t\t\t\t\t\t\t\t<img fetchpriority=\"high\" decoding=\"async\" width=\"468\" height=\"468\" src=\"https:\/\/www.stmaryscement.com\/wp-content\/uploads\/sites\/10\/2024\/10\/image-1-3.jpg\" class=\"attachment-full size-full wp-image-1207\" alt=\"\" srcset=\"https:\/\/www.stmaryscement.com\/wp-content\/uploads\/sites\/10\/2024\/10\/image-1-3.jpg 468w, https:\/\/www.stmaryscement.com\/wp-content\/uploads\/sites\/10\/2024\/10\/image-1-3-300x300.jpg 300w, https:\/\/www.stmaryscement.com\/wp-content\/uploads\/sites\/10\/2024\/10\/image-1-3-150x150.jpg 150w, https:\/\/www.stmaryscement.com\/wp-content\/uploads\/sites\/10\/2024\/10\/image-1-3-12x12.jpg 12w\" sizes=\"(max-width: 468px) 100vw, 468px\" \/>\t\t\t\t\t\t\t\t\t\t\t\t\t\t\t<\/div>\n\t\t\t\t<\/div>\n\t\t\t\t<\/div>\n\t\t<div data-particle_enable=\"false\" data-particle-mobile-disabled=\"false\" class=\"elementor-element elementor-element-3f81f9e e-con-full e-flex e-con e-child\" data-id=\"3f81f9e\" data-element_type=\"container\">\n\t\t\t\t<div class=\"elementor-element elementor-element-2cd7f87 elementor-widget elementor-widget-heading\" data-id=\"2cd7f87\" data-element_type=\"widget\" data-widget_type=\"heading.default\">\n\t\t\t\t<div class=\"elementor-widget-container\">\n\t\t\t\t\t<h2 class=\"elementor-heading-title elementor-size-default\">\u200b\u200b\u200b\u200b\u200b\u200b\u200b\u200b\u200b\u200b\u200b\u200b\u200b\u200b\u200b\u200b\u200b\u200b\u200b\u200b\u200b\u200b\u200b\u200b\u200b\u200b\u200b\u200b\u200b\u200b\u200b\u200b\u200b\u200b\u200b\u200b\u200b\u200b\u200b\u200b\u200b\u200bD\u00e9claration environnementale de produit<\/h2>\t\t\t\t<\/div>\n\t\t\t\t<\/div>\n\t\t\t\t<div class=\"elementor-element elementor-element-1882261 elementor-widget elementor-widget-text-editor\" data-id=\"1882261\" data-element_type=\"widget\" data-widget_type=\"text-editor.default\">\n\t\t\t\t<div class=\"elementor-widget-container\">\n\t\t\t\t\t\t\t\t\t<p>Les d\u00e9clarations environnementales de produits (DEP) sont \u00e9labor\u00e9es pour rendre compte des impacts environnementaux de nos produits fabriqu\u00e9s au Canada et aux \u00c9tats-Unis. Les DEP comprennent les r\u00e9sultats de l&#039;analyse du cycle de vie (ACV) pour l&#039;\u00e9tape de production (du berceau \u00e0 la porte) conformes \u00e0 la r\u00e8gle de cat\u00e9gorie de produit (PCR) r\u00e9pertori\u00e9e chez UL, r\u00e9pondant aux exigences des normes ISO 14025 et ISO 21930.<\/p>\t\t\t\t\t\t\t\t<\/div>\n\t\t\t\t<\/div>\n\t\t\t\t<div class=\"elementor-element elementor-element-2b364b4 elementor-widget elementor-widget-button\" data-id=\"2b364b4\" data-element_type=\"widget\" data-widget_type=\"button.default\">\n\t\t\t\t<div class=\"elementor-widget-container\">\n\t\t\t\t\t\t\t\t\t<div class=\"elementor-button-wrapper\">\n\t\t\t\t\t<a class=\"elementor-button elementor-size-sm\" role=\"button\">\n\t\t\t\t\t\t<span class=\"elementor-button-content-wrapper\">\n\t\t\t\t\t\t<span class=\"elementor-button-icon\">\n\t\t\t\t<svg xmlns=\"http:\/\/www.w3.org\/2000\/svg\" width=\"11\" height=\"10\" viewbox=\"0 0 11 10\" fill=\"none\"><path d=\"M1.46191 9.16699L9.46191 1.16699M9.46191 1.16699H4.12858M9.46191 1.16699V6.50033\" stroke=\"#96E637\" stroke-width=\"1.5\" stroke-linecap=\"round\" stroke-linejoin=\"round\"><\/path><\/svg>\t\t\t<\/span>\n\t\t\t\t\t\t\t\t\t<span class=\"elementor-button-text\">En savoir plus<\/span>\n\t\t\t\t\t<\/span>\n\t\t\t\t\t<\/a>\n\t\t\t\t<\/div>\n\t\t\t\t\t\t\t\t<\/div>\n\t\t\t\t<\/div>\n\t\t\t\t<\/div>\n\t\t\t\t\t<\/div>\n\t\t\t\t<\/div>\n\t\t<div data-particle_enable=\"false\" data-particle-mobile-disabled=\"false\" class=\"elementor-element elementor-element-b2e8a57 e-flex e-con-boxed e-con e-parent\" data-id=\"b2e8a57\" data-element_type=\"container\">\n\t\t\t\t\t<div class=\"e-con-inner\">\n\t\t\t\t<div class=\"elementor-element elementor-element-8777fa1 elementor-widget elementor-widget-heading\" data-id=\"8777fa1\" data-element_type=\"widget\" data-widget_type=\"heading.default\">\n\t\t\t\t<div class=\"elementor-widget-container\">\n\t\t\t\t\t<h3 class=\"elementor-heading-title elementor-size-default\">Industrie canadienne<\/h3>\t\t\t\t<\/div>\n\t\t\t\t<\/div>\n\t\t\t\t<div class=\"elementor-element elementor-element-e15138a elementor-widget elementor-widget-text-editor\" data-id=\"e15138a\" data-element_type=\"widget\" data-widget_type=\"text-editor.default\">\n\t\t\t\t<div class=\"elementor-widget-container\">\n\t\t\t\t\t\t\t\t\t<h4>Industrie canadienne\u00a0<\/h4><p><a href=\"https:\/\/www.stmaryscement.com\/wp-content\/uploads\/sites\/10\/2024\/10\/CAC-EPD-GU-GUL-1.pdf\" target=\"_blank\" rel=\"noopener\">CAC EPD (GU, GUL)<\/a><\/p><p>PCA EPD (MA\u00c7ONNERIE)<\/p><p><a href=\"https:\/\/www.stmaryscement.com\/wp-content\/uploads\/sites\/10\/2024\/10\/707.EPD_for_Slag_Cement_Industry_Wide_EPD-2.pdf\" target=\"_blank\" rel=\"noopener\">ASTM EPD (SLAG)<\/a><\/p><h4>Industrie des \u00c9tats-Unis\u00a0<\/h4><p><a href=\"https:\/\/www.stmaryscement.com\/wp-content\/uploads\/sites\/10\/2024\/10\/634.EPD_for_Portland_Athena_Final_revised_04082021-1.pdf\" target=\"_blank\" rel=\"noopener\">PCA EPD (PORTLAND)<\/a><\/p><p><a href=\"https:\/\/www.stmaryscement.com\/wp-content\/uploads\/sites\/10\/2024\/10\/707.EPD_for_Slag_Cement_Industry_Wide_EPD-1-1.pdf\" target=\"_blank\" rel=\"noopener\">PCA EPD (CALCAIRE DE PORTLAND)<\/a><\/p><p><a href=\"https:\/\/www.stmaryscement.com\/wp-content\/uploads\/sites\/10\/2024\/10\/633.EPD_for_Masonry_Athena_Final_revised_04082021-1.pdf\" target=\"_blank\" rel=\"noopener\">PCA EPD (MA\u00c7ONNERIE)<\/a><\/p><p><a href=\"https:\/\/www.stmaryscement.com\/wp-content\/uploads\/sites\/10\/2024\/10\/635.EPD_for_PLC_Athena_Final_revised_04082021-1.pdf\" target=\"_blank\" rel=\"noopener\">ASTM EPD (SLAG)<\/a><\/p><h4>Fiches de donn\u00e9es de protection des plantes de type III<\/h4><p><a href=\"https:\/\/www.stmaryscement.com\/wp-content\/uploads\/sites\/10\/2024\/10\/ST-MARYS-CEMENT-PLANT-1.pdf\" target=\"_blank\" rel=\"noopener\">USINE DE CIMENT DE ST MARYS<\/a><\/p><p><a href=\"https:\/\/www.stmaryscement.com\/wp-content\/uploads\/sites\/10\/2024\/10\/BOWMANVILLE-CEMENT-PLANT-1.pdf\" target=\"_blank\" rel=\"noopener\">USINE DE CIMENT DE BOWMANVILLE<\/a><\/p><p><a href=\"https:\/\/www.stmaryscement.com\/wp-content\/uploads\/sites\/10\/2024\/10\/MCINNIS-CEMENT-PLANT-1.pdf\" target=\"_blank\" rel=\"noopener\">USINE DE CIMENT DE MCINNIS<\/a><\/p><p><a href=\"https:\/\/www.stmaryscement.com\/wp-content\/uploads\/sites\/10\/2024\/10\/CHARLEVOIX-CEMENT-PLANT-1.pdf\" target=\"_blank\" rel=\"noopener\">CIMENTERIE DE CHARLEVOIX<\/a><\/p><p><a href=\"https:\/\/www.stmaryscement.com\/wp-content\/uploads\/sites\/10\/2024\/10\/DETROIT-CEMENT-PLANT-1.pdf\" target=\"_blank\" rel=\"noopener\">USINE DE CIMENT DE D\u00c9TROIT<\/a><\/p>\t\t\t\t\t\t\t\t<\/div>\n\t\t\t\t<\/div>\n\t\t\t\t\t<\/div>\n\t\t\t\t<\/div>\n\t\t\t\t<\/div>","protected":false},"excerpt":{"rendered":"<p>Environmental Product Declaration \u200b\u200b\u200b\u200b\u200b\u200b\u200b\u200b\u200b\u200b\u200b\u200b\u200b\u200b\u200b\u200b\u200b\u200b\u200b\u200b\u200b\u200b\u200b\u200b\u200b\u200b\u200b\u200b\u200b\u200b\u200b\u200b\u200b\u200b\u200b\u200b\u200b\u200bEnvironmental Product Declaration Environment Product Declarations (EPD) are developed to report the environmental impacts of our products manufactured in Canada and the United States. EPDs include life cycle assessment (LCA) results for the production stage (cradle to gate) conforming to the product category rule (PCR) listed at UL, meeting the requirements of [&hellip;]<\/p>","protected":false},"author":1,"featured_media":0,"parent":0,"menu_order":0,"comment_status":"closed","ping_status":"closed","template":"","meta":{"_acf_changed":false,"footnotes":""},"class_list":["post-1254","page","type-page","status-publish","hentry"],"acf":[],"_links":{"self":[{"href":"https:\/\/www.stmaryscement.com\/fr\/wp-json\/wp\/v2\/pages\/1254","targetHints":{"allow":["GET"]}}],"collection":[{"href":"https:\/\/www.stmaryscement.com\/fr\/wp-json\/wp\/v2\/pages"}],"about":[{"href":"https:\/\/www.stmaryscement.com\/fr\/wp-json\/wp\/v2\/types\/page"}],"author":[{"embeddable":true,"href":"https:\/\/www.stmaryscement.com\/fr\/wp-json\/wp\/v2\/users\/1"}],"replies":[{"embeddable":true,"href":"https:\/\/www.stmaryscement.com\/fr\/wp-json\/wp\/v2\/comments?post=1254"}],"version-history":[{"count":0,"href":"https:\/\/www.stmaryscement.com\/fr\/wp-json\/wp\/v2\/pages\/1254\/revisions"}],"wp:attachment":[{"href":"https:\/\/www.stmaryscement.com\/fr\/wp-json\/wp\/v2\/media?parent=1254"}],"curies":[{"name":"wp","href":"https:\/\/api.w.org\/{rel}","templated":true}]}}